{"id":678,"date":"2023-11-08T21:07:54","date_gmt":"2023-11-08T21:07:54","guid":{"rendered":"https:\/\/asociacionmexicanatrasplantecabello.org\/?page_id=678"},"modified":"2025-04-09T03:39:48","modified_gmt":"2025-04-09T03:39:48","slug":"formulario-de-ingreso","status":"publish","type":"page","link":"https:\/\/asociacionmexicanatrasplantecabello.org\/?page_id=678","title":{"rendered":"FORMULARIO DE INGRESO"},"content":{"rendered":"\t\t<div data-elementor-type=\"wp-page\" data-elementor-id=\"678\" class=\"elementor elementor-678\">\n\t\t\t\t<div class=\"elementor-element elementor-element-b149c6a e-flex e-con-boxed e-con e-parent\" data-id=\"b149c6a\" data-element_type=\"container\" data-e-type=\"container\">\n\t\t\t\t\t<div class=\"e-con-inner\">\n\t\t\t\t<div class=\"elementor-element elementor-element-fb6d24f elementor-widget-divider--view-line elementor-widget elementor-widget-divider\" data-id=\"fb6d24f\" data-element_type=\"widget\" data-e-type=\"widget\" data-widget_type=\"divider.default\">\n\t\t\t\t<div class=\"elementor-widget-container\">\n\t\t\t\t\t\t\t<div class=\"elementor-divider\">\n\t\t\t<span class=\"elementor-divider-separator\">\n\t\t\t\t\t\t<\/span>\n\t\t<\/div>\n\t\t\t\t\t\t<\/div>\n\t\t\t\t<\/div>\n\t\t\t\t\t<\/div>\n\t\t\t\t<\/div>\n\t\t<div class=\"elementor-element elementor-element-7a6d82f e-flex e-con-boxed e-con e-parent\" data-id=\"7a6d82f\" data-element_type=\"container\" data-e-type=\"container\">\n\t\t\t\t\t<div class=\"e-con-inner\">\n\t\t\t\t<div class=\"elementor-element elementor-element-a3cbf8a elementor-widget elementor-widget-heading\" data-id=\"a3cbf8a\" data-element_type=\"widget\" data-e-type=\"widget\" data-widget_type=\"heading.default\">\n\t\t\t\t<div class=\"elementor-widget-container\">\n\t\t\t\t\t<h2 class=\"elementor-heading-title elementor-size-default\">SOLICITUD DE INGRESO<\/h2>\t\t\t\t<\/div>\n\t\t\t\t<\/div>\n\t\t\t\t\t<\/div>\n\t\t\t\t<\/div>\n\t\t<div class=\"elementor-element elementor-element-59721f3 e-flex e-con-boxed e-con e-parent\" data-id=\"59721f3\" data-element_type=\"container\" data-e-type=\"container\">\n\t\t\t\t\t<div class=\"e-con-inner\">\n\t\t\t\t<div class=\"elementor-element elementor-element-d56a2f4 elementor-widget elementor-widget-spacer\" data-id=\"d56a2f4\" data-element_type=\"widget\" data-e-type=\"widget\" data-widget_type=\"spacer.default\">\n\t\t\t\t<div class=\"elementor-widget-container\">\n\t\t\t\t\t\t\t<div class=\"elementor-spacer\">\n\t\t\t<div class=\"elementor-spacer-inner\"><\/div>\n\t\t<\/div>\n\t\t\t\t\t\t<\/div>\n\t\t\t\t<\/div>\n\t\t\t\t\t<\/div>\n\t\t\t\t<\/div>\n\t\t<div class=\"elementor-element elementor-element-669ed9c e-con-full e-flex e-con e-parent\" data-id=\"669ed9c\" data-element_type=\"container\" data-e-type=\"container\" data-settings=\"{&quot;background_background&quot;:&quot;gradient&quot;}\">\n\t\t\t\t<div class=\"elementor-element elementor-element-f2559ef elementor-widget elementor-widget-wpforms\" data-id=\"f2559ef\" data-element_type=\"widget\" data-e-type=\"widget\" data-widget_type=\"wpforms.default\">\n\t\t\t\t<div class=\"elementor-widget-container\">\n\t\t\t\t\t<style id=\"wpforms-css-vars-elementor-widget-f2559ef\">\n\t\t\t\t.elementor-widget-wpforms.elementor-element-f2559ef {\n\t\t\t\t--wpforms-field-border-radius: 117px;\n--wpforms-field-border-color: #5E2CCA40;\n--wpforms-field-border-color-spare: #5E2CCA40;\n\t\t\t}\n\t\t\t<\/style><div class=\"wpforms-container wpforms-container-full wpforms-render-modern\" id=\"wpforms-684\"><form id=\"wpforms-form-684\" class=\"wpforms-validate wpforms-form wpforms-ajax-form\" data-formid=\"684\" method=\"post\" enctype=\"multipart\/form-data\" action=\"\/index.php?rest_route=%2Fwp%2Fv2%2Fpages%2F678\" data-token=\"026300c97bce54885281b995b10a524f\" data-token-time=\"1776289508\"><noscript class=\"wpforms-error-noscript\">Please enable JavaScript in your browser to complete this form.<\/noscript><div id=\"wpforms-error-noscript\" style=\"display: none;\">Please enable JavaScript in your browser to complete this form.<\/div><div class=\"wpforms-field-container\"><div id=\"wpforms-684-field_8-container\" class=\"wpforms-field wpforms-field-name\" data-field-id=\"8\"><fieldset><legend class=\"wpforms-field-label\">SU NOMBRE <span class=\"wpforms-required-label\" aria-hidden=\"true\">*<\/span><\/legend><div class=\"wpforms-field-row wpforms-field-medium\"><div class=\"wpforms-field-row-block wpforms-first wpforms-one-half\"><input type=\"text\" id=\"wpforms-684-field_8\" class=\"wpforms-field-name-first wpforms-field-required\" name=\"wpforms[fields][8][first]\" aria-errormessage=\"wpforms-684-field_8-error\" required><label for=\"wpforms-684-field_8\" class=\"wpforms-field-sublabel after\">First<\/label><\/div><div class=\"wpforms-field-row-block wpforms-one-half\"><input type=\"text\" id=\"wpforms-684-field_8-last\" class=\"wpforms-field-name-last wpforms-field-required\" name=\"wpforms[fields][8][last]\" aria-errormessage=\"wpforms-684-field_8-last-error\" required><label for=\"wpforms-684-field_8-last\" class=\"wpforms-field-sublabel after\">Last<\/label><\/div><\/div><\/fieldset><\/div><div id=\"wpforms-684-field_13-container\" class=\"wpforms-field wpforms-field-text\" data-field-id=\"13\"><label class=\"wpforms-field-label\" for=\"wpforms-684-field_13\">INSTITUCI\u00d3N DONDE REALIZ\u00d3 LA LICENCIATURA <span class=\"wpforms-required-label\" aria-hidden=\"true\">*<\/span><\/label><input type=\"text\" id=\"wpforms-684-field_13\" class=\"wpforms-field-medium wpforms-field-required\" name=\"wpforms[fields][13]\" aria-errormessage=\"wpforms-684-field_13-error\" required><\/div><div id=\"wpforms-684-field_12-container\" class=\"wpforms-field wpforms-field-text\" data-field-id=\"12\"><label class=\"wpforms-field-label\" for=\"wpforms-684-field_12\">INSTITUCI\u00d3N DONDE REALIZ\u00d3 LA ESPECIALIDAD<\/label><input type=\"text\" id=\"wpforms-684-field_12\" class=\"wpforms-field-medium\" name=\"wpforms[fields][12]\" aria-errormessage=\"wpforms-684-field_12-error\" ><\/div><div id=\"wpforms-684-field_3-container\" class=\"wpforms-field wpforms-field-text\" data-field-id=\"3\"><label class=\"wpforms-field-label\" for=\"wpforms-684-field_3\">NOMBRE DEL MIEMBRO AVAL (QUI\u00c9N LO RECOMIENDA)<\/label><input type=\"text\" id=\"wpforms-684-field_3\" class=\"wpforms-field-medium\" name=\"wpforms[fields][3]\" aria-errormessage=\"wpforms-684-field_3-error\" ><\/div><div id=\"wpforms-684-field_7-container\" class=\"wpforms-field wpforms-field-email\" data-field-id=\"7\"><label class=\"wpforms-field-label\" for=\"wpforms-684-field_7\">Email <span class=\"wpforms-required-label\" aria-hidden=\"true\">*<\/span><\/label><input type=\"email\" id=\"wpforms-684-field_7\" class=\"wpforms-field-medium wpforms-field-required\" name=\"wpforms[fields][7]\" spellcheck=\"false\" aria-errormessage=\"wpforms-684-field_7-error\" required><\/div><div id=\"wpforms-684-field_4-container\" class=\"wpforms-field wpforms-field-text\" data-field-id=\"4\"><label class=\"wpforms-field-label\" for=\"wpforms-684-field_4\">TEL\u00c9FONO <span class=\"wpforms-required-label\" aria-hidden=\"true\">*<\/span><\/label><input type=\"text\" id=\"wpforms-684-field_4\" class=\"wpforms-field-medium wpforms-field-required\" name=\"wpforms[fields][4]\" aria-errormessage=\"wpforms-684-field_4-error\" required><\/div><div id=\"wpforms-684-field_10-container\" class=\"wpforms-field wpforms-field-radio\" data-field-id=\"10\"><fieldset><legend class=\"wpforms-field-label\">\u00bfC\u00f3mo nos encontr\u00f3?<\/legend><ul id=\"wpforms-684-field_10\"><li class=\"choice-1 depth-1\"><input type=\"radio\" id=\"wpforms-684-field_10_1\" name=\"wpforms[fields][10]\" value=\"Un colega\" aria-errormessage=\"wpforms-684-field_10_1-error\"  ><label class=\"wpforms-field-label-inline\" for=\"wpforms-684-field_10_1\">Un colega<\/label><\/li><li class=\"choice-4 depth-1\"><input type=\"radio\" id=\"wpforms-684-field_10_4\" name=\"wpforms[fields][10]\" value=\"Congreso\" aria-errormessage=\"wpforms-684-field_10_4-error\"  ><label class=\"wpforms-field-label-inline\" for=\"wpforms-684-field_10_4\">Congreso<\/label><\/li><li class=\"choice-2 depth-1\"><input type=\"radio\" id=\"wpforms-684-field_10_2\" name=\"wpforms[fields][10]\" value=\"Redes sociales\" aria-errormessage=\"wpforms-684-field_10_2-error\"  ><label class=\"wpforms-field-label-inline\" for=\"wpforms-684-field_10_2\">Redes sociales<\/label><\/li><li class=\"choice-3 depth-1\"><input type=\"radio\" id=\"wpforms-684-field_10_3\" name=\"wpforms[fields][10]\" value=\"Tom\u00f3 un curso\" aria-errormessage=\"wpforms-684-field_10_3-error\"  ><label class=\"wpforms-field-label-inline\" for=\"wpforms-684-field_10_3\">Tom\u00f3 un curso<\/label><\/li><\/ul><\/fieldset><\/div><\/div><!-- .wpforms-field-container --><div class=\"wpforms-submit-container\" ><input type=\"hidden\" name=\"wpforms[id]\" value=\"684\"><input type=\"hidden\" name=\"page_title\" value=\"\"><input type=\"hidden\" name=\"page_url\" value=\"https:\/\/asociacionmexicanatrasplantecabello.org\/index.php?rest_route=\/wp\/v2\/pages\/678\"><input type=\"hidden\" name=\"url_referer\" value=\"\"><button type=\"submit\" name=\"wpforms[submit]\" id=\"wpforms-submit-684\" class=\"wpforms-submit\" data-alt-text=\"Enviando...\" data-submit-text=\"Enviar\" aria-live=\"assertive\" value=\"wpforms-submit\">Enviar<\/button><img decoding=\"async\" src=\"https:\/\/asociacionmexicanatrasplantecabello.org\/wp-content\/plugins\/wpforms-lite\/assets\/images\/submit-spin.svg\" class=\"wpforms-submit-spinner\" style=\"display: none;\" width=\"26\" height=\"26\" alt=\"Loading\"><\/div><\/form><\/div>  <!-- .wpforms-container -->\t\t\t\t<\/div>\n\t\t\t\t<\/div>\n\t\t\t\t<\/div>\n\t\t\t\t<\/div>\n\t\t","protected":false},"excerpt":{"rendered":"<p>SOLICITUD DE INGRESO Please enable JavaScript in your browser to complete this form.Please enable JavaScript in your browser to complete this form. SU NOMBRE * FirstLast INSTITUCI\u00d3N DONDE REALIZ\u00d3 LA LICENCIATURA *INSTITUCI\u00d3N DONDE REALIZ\u00d3 LA ESPECIALIDADNOMBRE DEL MIEMBRO AVAL (QUI\u00c9N LO RECOMIENDA) *Email *TEL\u00c9FONO * \u00bfC\u00f3mo nos encontr\u00f3? Un colega [&hellip;]<\/p>\n","protected":false},"author":1,"featured_media":0,"parent":0,"menu_order":0,"comment_status":"closed","ping_status":"closed","template":"page-templates\/template-pagebuilder-full-width.php","meta":{"om_disable_all_campaigns":false,"footnotes":""},"class_list":["post-678","page","type-page","status-publish","hentry"],"aioseo_notices":[],"_links":{"self":[{"href":"https:\/\/asociacionmexicanatrasplantecabello.org\/index.php?rest_route=\/wp\/v2\/pages\/678","targetHints":{"allow":["GET"]}}],"collection":[{"href":"https:\/\/asociacionmexicanatrasplantecabello.org\/index.php?rest_route=\/wp\/v2\/pages"}],"about":[{"href":"https:\/\/asociacionmexicanatrasplantecabello.org\/index.php?rest_route=\/wp\/v2\/types\/page"}],"author":[{"embeddable":true,"href":"https:\/\/asociacionmexicanatrasplantecabello.org\/index.php?rest_route=\/wp\/v2\/users\/1"}],"replies":[{"embeddable":true,"href":"https:\/\/asociacionmexicanatrasplantecabello.org\/index.php?rest_route=%2Fwp%2Fv2%2Fcomments&post=678"}],"version-history":[{"count":10,"href":"https:\/\/asociacionmexicanatrasplantecabello.org\/index.php?rest_route=\/wp\/v2\/pages\/678\/revisions"}],"predecessor-version":[{"id":1501,"href":"https:\/\/asociacionmexicanatrasplantecabello.org\/index.php?rest_route=\/wp\/v2\/pages\/678\/revisions\/1501"}],"wp:attachment":[{"href":"https:\/\/asociacionmexicanatrasplantecabello.org\/index.php?rest_route=%2Fwp%2Fv2%2Fmedia&parent=678"}],"curies":[{"name":"wp","href":"https:\/\/api.w.org\/{rel}","templated":true}]}}