{"id":144,"date":"2023-11-06T21:07:46","date_gmt":"2023-11-06T21:07:46","guid":{"rendered":"https:\/\/asociacionmexicanatrasplantecabello.org\/?page_id=144"},"modified":"2023-12-07T06:30:17","modified_gmt":"2023-12-07T06:30:17","slug":"workshop-ceja","status":"publish","type":"page","link":"https:\/\/asociacionmexicanatrasplantecabello.org\/?page_id=144","title":{"rendered":"WORKSHOP CEJA"},"content":{"rendered":"\t\t<div data-elementor-type=\"wp-page\" data-elementor-id=\"144\" class=\"elementor elementor-144\">\n\t\t\t\t<div class=\"elementor-element elementor-element-5103311 e-flex e-con-boxed e-con e-parent\" data-id=\"5103311\" data-element_type=\"container\" data-e-type=\"container\">\n\t\t\t\t\t<div class=\"e-con-inner\">\n\t\t\t\t<div class=\"elementor-element elementor-element-85b4607 elementor-widget-divider--view-line elementor-widget elementor-widget-divider\" data-id=\"85b4607\" data-element_type=\"widget\" data-e-type=\"widget\" data-widget_type=\"divider.default\">\n\t\t\t\t<div class=\"elementor-widget-container\">\n\t\t\t\t\t\t\t<div class=\"elementor-divider\">\n\t\t\t<span class=\"elementor-divider-separator\">\n\t\t\t\t\t\t<\/span>\n\t\t<\/div>\n\t\t\t\t\t\t<\/div>\n\t\t\t\t<\/div>\n\t\t\t\t\t<\/div>\n\t\t\t\t<\/div>\n\t\t<div class=\"elementor-element elementor-element-b37fa32 e-flex e-con-boxed e-con e-parent\" data-id=\"b37fa32\" data-element_type=\"container\" data-e-type=\"container\">\n\t\t\t\t\t<div class=\"e-con-inner\">\n\t\t\t\t<div class=\"elementor-element elementor-element-08112c3 elementor-widget elementor-widget-heading\" data-id=\"08112c3\" data-element_type=\"widget\" data-e-type=\"widget\" data-widget_type=\"heading.default\">\n\t\t\t\t<div class=\"elementor-widget-container\">\n\t\t\t\t\t<h2 class=\"elementor-heading-title elementor-size-default\">WORKSHOP CEJAS<\/h2>\t\t\t\t<\/div>\n\t\t\t\t<\/div>\n\t\t\t\t<div class=\"elementor-element elementor-element-3084334 elementor-widget elementor-widget-spacer\" data-id=\"3084334\" data-element_type=\"widget\" data-e-type=\"widget\" data-widget_type=\"spacer.default\">\n\t\t\t\t<div class=\"elementor-widget-container\">\n\t\t\t\t\t\t\t<div class=\"elementor-spacer\">\n\t\t\t<div class=\"elementor-spacer-inner\"><\/div>\n\t\t<\/div>\n\t\t\t\t\t\t<\/div>\n\t\t\t\t<\/div>\n\t\t\t\t\t<\/div>\n\t\t\t\t<\/div>\n\t\t<div class=\"elementor-element elementor-element-820475a e-flex e-con-boxed e-con e-parent\" data-id=\"820475a\" data-element_type=\"container\" data-e-type=\"container\">\n\t\t\t\t\t<div class=\"e-con-inner\">\n\t\t<div class=\"elementor-element elementor-element-177d448 e-con-full e-flex e-con e-child\" data-id=\"177d448\" data-element_type=\"container\" data-e-type=\"container\">\n\t\t\t\t<div class=\"elementor-element elementor-element-2e6d5c3 elementor-widget elementor-widget-image\" data-id=\"2e6d5c3\" data-element_type=\"widget\" data-e-type=\"widget\" data-widget_type=\"image.default\">\n\t\t\t\t<div class=\"elementor-widget-container\">\n\t\t\t\t\t\t\t\t\t\t\t\t\t\t\t<img fetchpriority=\"high\" decoding=\"async\" width=\"750\" height=\"1000\" src=\"https:\/\/asociacionmexicanatrasplantecabello.org\/wp-content\/uploads\/2023\/11\/WhatsApp-Image-2023-11-07-at-15.12.06-768x1024.jpeg\" class=\"attachment-medium_large size-medium_large wp-image-383\" alt=\"\" srcset=\"https:\/\/asociacionmexicanatrasplantecabello.org\/wp-content\/uploads\/2023\/11\/WhatsApp-Image-2023-11-07-at-15.12.06-768x1024.jpeg 768w, https:\/\/asociacionmexicanatrasplantecabello.org\/wp-content\/uploads\/2023\/11\/WhatsApp-Image-2023-11-07-at-15.12.06-225x300.jpeg 225w, https:\/\/asociacionmexicanatrasplantecabello.org\/wp-content\/uploads\/2023\/11\/WhatsApp-Image-2023-11-07-at-15.12.06-1152x1536.jpeg 1152w, https:\/\/asociacionmexicanatrasplantecabello.org\/wp-content\/uploads\/2023\/11\/WhatsApp-Image-2023-11-07-at-15.12.06-600x800.jpeg 600w, https:\/\/asociacionmexicanatrasplantecabello.org\/wp-content\/uploads\/2023\/11\/WhatsApp-Image-2023-11-07-at-15.12.06.jpeg 1200w\" sizes=\"(max-width: 750px) 100vw, 750px\" \/>\t\t\t\t\t\t\t\t\t\t\t\t\t\t\t<\/div>\n\t\t\t\t<\/div>\n\t\t\t\t<\/div>\n\t\t<div class=\"elementor-element elementor-element-97eb060 e-con-full e-flex e-con e-child\" data-id=\"97eb060\" data-element_type=\"container\" data-e-type=\"container\">\n\t\t\t\t<div class=\"elementor-element elementor-element-8d00f44 elementor-widget elementor-widget-text-editor\" data-id=\"8d00f44\" data-element_type=\"widget\" data-e-type=\"widget\" data-widget_type=\"text-editor.default\">\n\t\t\t\t<div class=\"elementor-widget-container\">\n\t\t\t\t\t\t\t\t\t<h4><strong>Nuestro taller llevar\u00e1 al cirujano capilar a realizar de principo a fin la cirug\u00eda de trasplante de cabello a las cejas, este tipo de cirug\u00eda se realiza principalmente a pacientes que geneticamente no desarrollar\u00e1n cejas, para pacientes con cejas que son ralas o escasas pero que no satisfacen sus expectativas.<\/strong><\/h4>\t\t\t\t\t\t\t\t<\/div>\n\t\t\t\t<\/div>\n\t\t\t\t<\/div>\n\t\t<div class=\"elementor-element elementor-element-6a885fd e-con-full e-flex e-con e-child\" data-id=\"6a885fd\" data-element_type=\"container\" data-e-type=\"container\">\n\t\t\t\t<div class=\"elementor-element elementor-element-28b6585 elementor-widget elementor-widget-text-editor\" data-id=\"28b6585\" data-element_type=\"widget\" data-e-type=\"widget\" data-widget_type=\"text-editor.default\">\n\t\t\t\t<div class=\"elementor-widget-container\">\n\t\t\t\t\t\t\t\t\t<h4><strong>Todo el taller es 100% hands-on, el cirujano capilar aprender\u00e1 a realizar el dise\u00f1o de cejas, as\u00ed como la direcci\u00f3n y profundidad de la inserci\u00f3n de las unidades capilares. Este taller es exclusivo para cirujanos capilares con experiencia demostrable en cirug\u00eda capilar y que buscan actualizar y perfeccionar sus t\u00e9cnicas.<\/strong><\/h4>\t\t\t\t\t\t\t\t<\/div>\n\t\t\t\t<\/div>\n\t\t\t\t<\/div>\n\t\t<div class=\"elementor-element elementor-element-afd352a e-con-full e-flex e-con e-child\" data-id=\"afd352a\" data-element_type=\"container\" data-e-type=\"container\">\n\t\t\t\t<div class=\"elementor-element elementor-element-bcf253b elementor-widget elementor-widget-image\" data-id=\"bcf253b\" data-element_type=\"widget\" data-e-type=\"widget\" data-widget_type=\"image.default\">\n\t\t\t\t<div class=\"elementor-widget-container\">\n\t\t\t\t\t\t\t\t\t\t\t\t\t\t\t<img decoding=\"async\" width=\"750\" height=\"1000\" src=\"https:\/\/asociacionmexicanatrasplantecabello.org\/wp-content\/uploads\/2023\/11\/WhatsApp-Image-2023-11-07-at-15.12.04-768x1024.jpeg\" class=\"attachment-large size-large wp-image-380\" alt=\"\" srcset=\"https:\/\/asociacionmexicanatrasplantecabello.org\/wp-content\/uploads\/2023\/11\/WhatsApp-Image-2023-11-07-at-15.12.04-768x1024.jpeg 768w, https:\/\/asociacionmexicanatrasplantecabello.org\/wp-content\/uploads\/2023\/11\/WhatsApp-Image-2023-11-07-at-15.12.04-225x300.jpeg 225w, https:\/\/asociacionmexicanatrasplantecabello.org\/wp-content\/uploads\/2023\/11\/WhatsApp-Image-2023-11-07-at-15.12.04-600x800.jpeg 600w, https:\/\/asociacionmexicanatrasplantecabello.org\/wp-content\/uploads\/2023\/11\/WhatsApp-Image-2023-11-07-at-15.12.04.jpeg 960w\" sizes=\"(max-width: 750px) 100vw, 750px\" \/>\t\t\t\t\t\t\t\t\t\t\t\t\t\t\t<\/div>\n\t\t\t\t<\/div>\n\t\t\t\t<\/div>\n\t\t\t\t\t<\/div>\n\t\t\t\t<\/div>\n\t\t<div class=\"elementor-element elementor-element-f9ac634 e-flex e-con-boxed e-con e-parent\" data-id=\"f9ac634\" data-element_type=\"container\" data-e-type=\"container\">\n\t\t\t\t\t<div class=\"e-con-inner\">\n\t\t\t\t<div class=\"elementor-element elementor-element-bc634d3 elementor-button-info elementor-align-center elementor-widget elementor-widget-button\" data-id=\"bc634d3\" data-element_type=\"widget\" data-e-type=\"widget\" data-widget_type=\"button.default\">\n\t\t\t\t<div class=\"elementor-widget-container\">\n\t\t\t\t\t\t\t\t\t<div class=\"elementor-button-wrapper\">\n\t\t\t\t\t<a class=\"elementor-button elementor-button-link elementor-size-lg\" href=\"https:\/\/asociacionmexicanatrasplantecabello.org\/?page_id=1041\">\n\t\t\t\t\t\t<span class=\"elementor-button-content-wrapper\">\n\t\t\t\t\t\t\t\t\t<span class=\"elementor-button-text\">QUIERO SABER M\u00c1S<\/span>\n\t\t\t\t\t<\/span>\n\t\t\t\t\t<\/a>\n\t\t\t\t<\/div>\n\t\t\t\t\t\t\t\t<\/div>\n\t\t\t\t<\/div>\n\t\t\t\t\t<\/div>\n\t\t\t\t<\/div>\n\t\t<div class=\"elementor-element elementor-element-6294934 e-flex e-con-boxed e-con e-parent\" data-id=\"6294934\" data-element_type=\"container\" data-e-type=\"container\">\n\t\t\t\t\t<div class=\"e-con-inner\">\n\t\t\t\t<div class=\"elementor-element elementor-element-194b1a3 elementor-widget elementor-widget-spacer\" data-id=\"194b1a3\" data-element_type=\"widget\" data-e-type=\"widget\" data-widget_type=\"spacer.default\">\n\t\t\t\t<div class=\"elementor-widget-container\">\n\t\t\t\t\t\t\t<div class=\"elementor-spacer\">\n\t\t\t<div class=\"elementor-spacer-inner\"><\/div>\n\t\t<\/div>\n\t\t\t\t\t\t<\/div>\n\t\t\t\t<\/div>\n\t\t\t\t\t<\/div>\n\t\t\t\t<\/div>\n\t\t<div class=\"elementor-element elementor-element-af671fe e-flex e-con-boxed e-con e-parent\" data-id=\"af671fe\" data-element_type=\"container\" data-e-type=\"container\">\n\t\t\t\t\t<div class=\"e-con-inner\">\n\t\t\t\t<div class=\"elementor-element elementor-element-9550813 elementor-widget-divider--view-line elementor-widget elementor-widget-divider\" data-id=\"9550813\" data-element_type=\"widget\" data-e-type=\"widget\" data-widget_type=\"divider.default\">\n\t\t\t\t<div class=\"elementor-widget-container\">\n\t\t\t\t\t\t\t<div class=\"elementor-divider\">\n\t\t\t<span class=\"elementor-divider-separator\">\n\t\t\t\t\t\t<\/span>\n\t\t<\/div>\n\t\t\t\t\t\t<\/div>\n\t\t\t\t<\/div>\n\t\t\t\t\t<\/div>\n\t\t\t\t<\/div>\n\t\t\t\t<\/div>\n\t\t","protected":false},"excerpt":{"rendered":"<p>WORKSHOP CEJAS Nuestro taller llevar\u00e1 al cirujano capilar a realizar de principo a fin la cirug\u00eda de trasplante de cabello a las cejas, este tipo de cirug\u00eda se realiza principalmente a pacientes que geneticamente no desarrollar\u00e1n cejas, para pacientes con cejas que son ralas o escasas pero que no satisfacen [&hellip;]<\/p>\n","protected":false},"author":1,"featured_media":0,"parent":0,"menu_order":0,"comment_status":"closed","ping_status":"closed","template":"page-templates\/template-pagebuilder-full-width.php","meta":{"om_disable_all_campaigns":false,"footnotes":""},"class_list":["post-144","page","type-page","status-publish","hentry"],"aioseo_notices":[],"_links":{"self":[{"href":"https:\/\/asociacionmexicanatrasplantecabello.org\/index.php?rest_route=\/wp\/v2\/pages\/144","targetHints":{"allow":["GET"]}}],"collection":[{"href":"https:\/\/asociacionmexicanatrasplantecabello.org\/index.php?rest_route=\/wp\/v2\/pages"}],"about":[{"href":"https:\/\/asociacionmexicanatrasplantecabello.org\/index.php?rest_route=\/wp\/v2\/types\/page"}],"author":[{"embeddable":true,"href":"https:\/\/asociacionmexicanatrasplantecabello.org\/index.php?rest_route=\/wp\/v2\/users\/1"}],"replies":[{"embeddable":true,"href":"https:\/\/asociacionmexicanatrasplantecabello.org\/index.php?rest_route=%2Fwp%2Fv2%2Fcomments&post=144"}],"version-history":[{"count":13,"href":"https:\/\/asociacionmexicanatrasplantecabello.org\/index.php?rest_route=\/wp\/v2\/pages\/144\/revisions"}],"predecessor-version":[{"id":1070,"href":"https:\/\/asociacionmexicanatrasplantecabello.org\/index.php?rest_route=\/wp\/v2\/pages\/144\/revisions\/1070"}],"wp:attachment":[{"href":"https:\/\/asociacionmexicanatrasplantecabello.org\/index.php?rest_route=%2Fwp%2Fv2%2Fmedia&parent=144"}],"curies":[{"name":"wp","href":"https:\/\/api.w.org\/{rel}","templated":true}]}}