{"id":1423,"date":"2025-03-05T22:08:36","date_gmt":"2025-03-05T22:08:36","guid":{"rendered":"https:\/\/asociacionmexicanatrasplantecabello.org\/?page_id=1423"},"modified":"2025-03-18T23:36:01","modified_gmt":"2025-03-18T23:36:01","slug":"revista-amtc","status":"publish","type":"page","link":"https:\/\/asociacionmexicanatrasplantecabello.org\/?page_id=1423","title":{"rendered":"Revista mexicana de transplante de cabello"},"content":{"rendered":"\t\t<div data-elementor-type=\"wp-page\" data-elementor-id=\"1423\" class=\"elementor elementor-1423\">\n\t\t\t\t<div class=\"elementor-element elementor-element-4ea2bb2 e-flex e-con-boxed e-con e-parent\" data-id=\"4ea2bb2\" data-element_type=\"container\" data-e-type=\"container\">\n\t\t\t\t\t<div class=\"e-con-inner\">\n\t\t\t\t<div class=\"elementor-element elementor-element-53c7f70 elementor-widget elementor-widget-heading\" data-id=\"53c7f70\" data-element_type=\"widget\" data-e-type=\"widget\" data-widget_type=\"heading.default\">\n\t\t\t\t<div class=\"elementor-widget-container\">\n\t\t\t\t\t<h1 class=\"elementor-heading-title elementor-size-default\">Revista Mexicana de Trasplante de Cabello<\/h1>\t\t\t\t<\/div>\n\t\t\t\t<\/div>\n\t\t\t\t\t<\/div>\n\t\t\t\t<\/div>\n\t\t<div class=\"elementor-element elementor-element-fa7ff2e e-flex e-con-boxed e-con e-parent\" data-id=\"fa7ff2e\" data-element_type=\"container\" data-e-type=\"container\">\n\t\t\t\t\t<div class=\"e-con-inner\">\n\t\t<div class=\"elementor-element elementor-element-5cf1850 e-con-full e-flex e-con e-child\" data-id=\"5cf1850\" data-element_type=\"container\" data-e-type=\"container\">\n\t\t\t\t<div class=\"elementor-element elementor-element-3c4c5a6 elementor-widget elementor-widget-text-editor\" data-id=\"3c4c5a6\" data-element_type=\"widget\" data-e-type=\"widget\" data-widget_type=\"text-editor.default\">\n\t\t\t\t<div class=\"elementor-widget-container\">\n\t\t\t\t\t\t\t\t\t<p><em>La Revista Mexicana de Trasplante de Cabello (RMTC)<\/em><span>\u00a0<\/span>es el \u00f3rgano de difusi\u00f3n de la Asociaci\u00f3n Mexicana de Transplante de Cabello (AMTC), organizaci\u00f3n de los cirujanos capilares que integra legalmente a las Sociedades M\u00e9dicas de esta especializaci\u00f3n. RMTC tiene el objetivo de ser un modelo de publicaci\u00f3n cient\u00edfica alentador, que difunda a trav\u00e9s de escritos con calidad, originalidad y aplicabilidad, la actualidad en el desarrollo del conocimiento y quehacer de la restauraci\u00f3n capilar, la investigaci\u00f3n, la gesti\u00f3n y la docencia m\u00e9dica; que orienten y formen criterios, entre los profesionales responsables de la soluci\u00f3n de problemas en salud de las personas, las familias y la comunidad.<\/p><p>RMTC es una revista revisada por pares, en espa\u00f1ol, que se publica de manera anual en abierto (<em>open<\/em><em>\u00a0access<\/em>). RMTC est\u00e1 dirigida a profesores, estudiantes de medicina, enfermer\u00eda, nutrici\u00f3n, trabajo social, psicolog\u00eda, estomatolog\u00eda a nivel t\u00e9cnico, de licenciatura o posgrado; m\u00e9dicos o profesionales afines en ejercicio de pr\u00e1ctica cotidiana y a directivos responsables del sistema de salud a nivel p\u00fablico o privado.<\/p><p>Para alcanzar su objetivo principal, RMTC tiene entre sus objetivos espec\u00edficos, dar a conocer y reconocer las experiencias o visiones en este campo del conocimiento; los logros m\u00e1s relevantes y los resultados de investigaci\u00f3n lo mismo en la cl\u00ednica, la epidemiolog\u00eda, los sistemas de salud, las ciencias de la conducta y sociales, administrativas y educativas, as\u00ed como las aportaciones innovadoras, dudas y controversias. Difundir los ensayos de diferentes, e incluso paralelas corrientes de pensamiento que, con base en evidencias sustentadas en la rigurosidad cient\u00edfica, generen criterios cr\u00edticos aplicables en la pr\u00e1ctica cotidiana de la restauraci\u00f3n capilar. Difundir y promover actualidades terap\u00e9uticas farmacol\u00f3gicas y no farmacol\u00f3gicas.<\/p><p>Otros de los objetivos espec\u00edficos de la RMTC, es difundir y promover las investigaciones que dan actualidad para resolver problem\u00e1tica en torno a los dilemas \u00e9ticos, que surgen en la pr\u00e1ctica profesional; as\u00ed como, aquella normatividad, leyes y reglamentos que condicionan o determinan el desempe\u00f1o profesional del cirujano capilar y\/o del equipo de salud.<\/p><p><\/p>\t\t\t\t\t\t\t\t<\/div>\n\t\t\t\t<\/div>\n\t\t\t\t<\/div>\n\t\t\t\t<div class=\"elementor-element elementor-element-82badf0 elementor-widget elementor-widget-image\" data-id=\"82badf0\" data-element_type=\"widget\" data-e-type=\"widget\" data-widget_type=\"image.default\">\n\t\t\t\t<div class=\"elementor-widget-container\">\n\t\t\t\t\t\t\t\t\t\t\t\t\t\t\t<img fetchpriority=\"high\" decoding=\"async\" width=\"750\" height=\"971\" src=\"https:\/\/asociacionmexicanatrasplantecabello.org\/wp-content\/uploads\/2025\/03\/Portada-De-Revista-De-Ciencia-Elegante-Moderno-Azul-y-Amarillo-1-791x1024.png\" class=\"attachment-large size-large wp-image-1426\" alt=\"\" srcset=\"https:\/\/asociacionmexicanatrasplantecabello.org\/wp-content\/uploads\/2025\/03\/Portada-De-Revista-De-Ciencia-Elegante-Moderno-Azul-y-Amarillo-1-791x1024.png 791w, https:\/\/asociacionmexicanatrasplantecabello.org\/wp-content\/uploads\/2025\/03\/Portada-De-Revista-De-Ciencia-Elegante-Moderno-Azul-y-Amarillo-1-232x300.png 232w, https:\/\/asociacionmexicanatrasplantecabello.org\/wp-content\/uploads\/2025\/03\/Portada-De-Revista-De-Ciencia-Elegante-Moderno-Azul-y-Amarillo-1-768x994.png 768w, https:\/\/asociacionmexicanatrasplantecabello.org\/wp-content\/uploads\/2025\/03\/Portada-De-Revista-De-Ciencia-Elegante-Moderno-Azul-y-Amarillo-1-1187x1536.png 1187w, https:\/\/asociacionmexicanatrasplantecabello.org\/wp-content\/uploads\/2025\/03\/Portada-De-Revista-De-Ciencia-Elegante-Moderno-Azul-y-Amarillo-1.png 1545w\" sizes=\"(max-width: 750px) 100vw, 750px\" \/>\t\t\t\t\t\t\t\t\t\t\t\t\t\t\t<\/div>\n\t\t\t\t<\/div>\n\t\t\t\t\t<\/div>\n\t\t\t\t<\/div>\n\t\t\t\t<\/div>\n\t\t","protected":false},"excerpt":{"rendered":"<p>Revista Mexicana de Trasplante de Cabello La Revista Mexicana de Trasplante de Cabello (RMTC)\u00a0es el \u00f3rgano de difusi\u00f3n de la Asociaci\u00f3n Mexicana de Transplante de Cabello (AMTC), organizaci\u00f3n de los cirujanos capilares que integra legalmente a las Sociedades M\u00e9dicas de esta especializaci\u00f3n. RMTC tiene el objetivo de ser un modelo [&hellip;]<\/p>\n","protected":false},"author":1,"featured_media":0,"parent":0,"menu_order":0,"comment_status":"closed","ping_status":"closed","template":"page-templates\/template-pagebuilder-full-width.php","meta":{"om_disable_all_campaigns":false,"footnotes":""},"class_list":["post-1423","page","type-page","status-publish","hentry"],"aioseo_notices":[],"_links":{"self":[{"href":"https:\/\/asociacionmexicanatrasplantecabello.org\/index.php?rest_route=\/wp\/v2\/pages\/1423","targetHints":{"allow":["GET"]}}],"collection":[{"href":"https:\/\/asociacionmexicanatrasplantecabello.org\/index.php?rest_route=\/wp\/v2\/pages"}],"about":[{"href":"https:\/\/asociacionmexicanatrasplantecabello.org\/index.php?rest_route=\/wp\/v2\/types\/page"}],"author":[{"embeddable":true,"href":"https:\/\/asociacionmexicanatrasplantecabello.org\/index.php?rest_route=\/wp\/v2\/users\/1"}],"replies":[{"embeddable":true,"href":"https:\/\/asociacionmexicanatrasplantecabello.org\/index.php?rest_route=%2Fwp%2Fv2%2Fcomments&post=1423"}],"version-history":[{"count":8,"href":"https:\/\/asociacionmexicanatrasplantecabello.org\/index.php?rest_route=\/wp\/v2\/pages\/1423\/revisions"}],"predecessor-version":[{"id":1473,"href":"https:\/\/asociacionmexicanatrasplantecabello.org\/index.php?rest_route=\/wp\/v2\/pages\/1423\/revisions\/1473"}],"wp:attachment":[{"href":"https:\/\/asociacionmexicanatrasplantecabello.org\/index.php?rest_route=%2Fwp%2Fv2%2Fmedia&parent=1423"}],"curies":[{"name":"wp","href":"https:\/\/api.w.org\/{rel}","templated":true}]}}