{"id":140,"date":"2023-11-06T21:07:03","date_gmt":"2023-11-06T21:07:03","guid":{"rendered":"https:\/\/asociacionmexicanatrasplantecabello.org\/?page_id=140"},"modified":"2023-12-07T06:22:22","modified_gmt":"2023-12-07T06:22:22","slug":"curso-avanzado","status":"publish","type":"page","link":"https:\/\/asociacionmexicanatrasplantecabello.org\/?page_id=140","title":{"rendered":"CURSO B\u00c1SICO FUE"},"content":{"rendered":"\t\t<div data-elementor-type=\"wp-page\" data-elementor-id=\"140\" class=\"elementor elementor-140\">\n\t\t\t\t<div class=\"elementor-element elementor-element-64da9d0 e-flex e-con-boxed e-con e-parent\" data-id=\"64da9d0\" data-element_type=\"container\" data-e-type=\"container\">\n\t\t\t\t\t<div class=\"e-con-inner\">\n\t\t\t\t<div class=\"elementor-element elementor-element-1547fbf elementor-widget elementor-widget-heading\" data-id=\"1547fbf\" data-element_type=\"widget\" data-e-type=\"widget\" data-widget_type=\"heading.default\">\n\t\t\t\t<div class=\"elementor-widget-container\">\n\t\t\t\t\t<h2 class=\"elementor-heading-title elementor-size-default\">Curso b\u00e1sico<\/h2>\t\t\t\t<\/div>\n\t\t\t\t<\/div>\n\t\t\t\t\t<\/div>\n\t\t\t\t<\/div>\n\t\t<div class=\"elementor-element elementor-element-534e1b6 e-flex e-con-boxed e-con e-parent\" data-id=\"534e1b6\" data-element_type=\"container\" data-e-type=\"container\">\n\t\t\t\t\t<div class=\"e-con-inner\">\n\t\t<div class=\"elementor-element elementor-element-26ca956 e-con-full e-flex e-con e-child\" data-id=\"26ca956\" data-element_type=\"container\" data-e-type=\"container\">\n\t\t\t\t<div class=\"elementor-element elementor-element-f2adba1 elementor-widget elementor-widget-image\" data-id=\"f2adba1\" data-element_type=\"widget\" data-e-type=\"widget\" data-widget_type=\"image.default\">\n\t\t\t\t<div class=\"elementor-widget-container\">\n\t\t\t\t\t\t\t\t\t\t\t\t\t\t\t<img fetchpriority=\"high\" decoding=\"async\" width=\"750\" height=\"501\" src=\"https:\/\/asociacionmexicanatrasplantecabello.org\/wp-content\/uploads\/2023\/11\/primary_care_medical_conferences-1-1024x684.jpg\" class=\"attachment-large size-large wp-image-362\" alt=\"\" srcset=\"https:\/\/asociacionmexicanatrasplantecabello.org\/wp-content\/uploads\/2023\/11\/primary_care_medical_conferences-1-1024x684.jpg 1024w, https:\/\/asociacionmexicanatrasplantecabello.org\/wp-content\/uploads\/2023\/11\/primary_care_medical_conferences-1-300x200.jpg 300w, https:\/\/asociacionmexicanatrasplantecabello.org\/wp-content\/uploads\/2023\/11\/primary_care_medical_conferences-1-768x513.jpg 768w, https:\/\/asociacionmexicanatrasplantecabello.org\/wp-content\/uploads\/2023\/11\/primary_care_medical_conferences-1-1536x1026.jpg 1536w, https:\/\/asociacionmexicanatrasplantecabello.org\/wp-content\/uploads\/2023\/11\/primary_care_medical_conferences-1-2048x1368.jpg 2048w, https:\/\/asociacionmexicanatrasplantecabello.org\/wp-content\/uploads\/2023\/11\/primary_care_medical_conferences-1-360x240.jpg 360w, https:\/\/asociacionmexicanatrasplantecabello.org\/wp-content\/uploads\/2023\/11\/primary_care_medical_conferences-1-600x401.jpg 600w\" sizes=\"(max-width: 750px) 100vw, 750px\" \/>\t\t\t\t\t\t\t\t\t\t\t\t\t\t\t<\/div>\n\t\t\t\t<\/div>\n\t\t\t\t<\/div>\n\t\t<div class=\"elementor-element elementor-element-07cdf0e e-con-full e-flex e-con e-child\" data-id=\"07cdf0e\" data-element_type=\"container\" data-e-type=\"container\">\n\t\t\t\t<div class=\"elementor-element elementor-element-535f779 elementor-widget elementor-widget-text-editor\" data-id=\"535f779\" data-element_type=\"widget\" data-e-type=\"widget\" data-widget_type=\"text-editor.default\">\n\t\t\t\t<div class=\"elementor-widget-container\">\n\t\t\t\t\t\t\t\t\t<h3 class=\"x11i5rnm xat24cr x1mh8g0r x1vvkbs xdj266r x126k92a\"><strong>-Grupos reducidos de m\u00e9dicos.<\/strong><\/h3><h3 class=\"x11i5rnm xat24cr x1mh8g0r x1vvkbs xdj266r x126k92a\"><strong>-Todos los conocimientos con base en la actualizaci\u00f3n m\u00e9dica cont\u00ednua.<\/strong><\/h3><h3><strong>-El m\u00e9dico participa y realiza cada una de las etapas del implante.<\/strong><\/h3><h3><strong>-Nuestros pacientes son voluntarios, situaci\u00f3n ideal para la transmisi\u00f3n de conocimientos.<\/strong><\/h3><h3><strong>-Acceso a todo el instrumental y equipamiento disponible: extracci\u00f3n manual y motorizada.<\/strong><\/h3><h3><strong>-Material bibliogr\u00e1fico completo (Manual).<\/strong><\/h3><h3><strong>-Diploma oficial<\/strong><\/h3><h3 class=\"x11i5rnm xat24cr x1mh8g0r x1vvkbs xtlvy1s x126k92a\"><strong>-Gu\u00eda y apoyo posterior al curso.<\/strong><\/h3>\t\t\t\t\t\t\t\t<\/div>\n\t\t\t\t<\/div>\n\t\t\t\t<\/div>\n\t\t\t\t\t<\/div>\n\t\t\t\t<\/div>\n\t\t<div class=\"elementor-element elementor-element-a762e86 e-flex e-con-boxed e-con e-parent\" data-id=\"a762e86\" data-element_type=\"container\" data-e-type=\"container\">\n\t\t\t\t\t<div class=\"e-con-inner\">\n\t\t\t\t<div class=\"elementor-element elementor-element-706583d elementor-widget-divider--view-line elementor-widget elementor-widget-divider\" data-id=\"706583d\" data-element_type=\"widget\" data-e-type=\"widget\" data-widget_type=\"divider.default\">\n\t\t\t\t<div class=\"elementor-widget-container\">\n\t\t\t\t\t\t\t<div class=\"elementor-divider\">\n\t\t\t<span class=\"elementor-divider-separator\">\n\t\t\t\t\t\t<\/span>\n\t\t<\/div>\n\t\t\t\t\t\t<\/div>\n\t\t\t\t<\/div>\n\t\t\t\t\t<\/div>\n\t\t\t\t<\/div>\n\t\t<div class=\"elementor-element elementor-element-3e86d7f e-flex e-con-boxed e-con e-parent\" data-id=\"3e86d7f\" data-element_type=\"container\" data-e-type=\"container\">\n\t\t\t\t\t<div class=\"e-con-inner\">\n\t\t\t\t<div class=\"elementor-element elementor-element-1b48fb2 elementor-widget elementor-widget-heading\" data-id=\"1b48fb2\" data-element_type=\"widget\" data-e-type=\"widget\" data-widget_type=\"heading.default\">\n\t\t\t\t<div class=\"elementor-widget-container\">\n\t\t\t\t\t<h2 class=\"elementor-heading-title elementor-size-default\">Galeria de im\u00e1genes<\/h2>\t\t\t\t<\/div>\n\t\t\t\t<\/div>\n\t\t\t\t\t<\/div>\n\t\t\t\t<\/div>\n\t\t<div class=\"elementor-element elementor-element-2862145 e-flex e-con-boxed e-con e-parent\" data-id=\"2862145\" data-element_type=\"container\" data-e-type=\"container\">\n\t\t\t\t\t<div class=\"e-con-inner\">\n\t\t\t\t<div class=\"elementor-element elementor-element-15ac7b9 elementor-invisible elementor-widget elementor-widget-image-gallery\" data-id=\"15ac7b9\" data-element_type=\"widget\" data-e-type=\"widget\" data-settings=\"{&quot;_animation&quot;:&quot;fadeInRight&quot;}\" data-widget_type=\"image-gallery.default\">\n\t\t\t\t<div class=\"elementor-widget-container\">\n\t\t\t\t\t\t\t<div class=\"elementor-image-gallery\">\n\t\t\t\n\t\t<style type=\"text\/css\">\n\t\t\t#gallery-1 {\n\t\t\t\tmargin: auto;\n\t\t\t}\n\t\t\t#gallery-1 .gallery-item {\n\t\t\t\tfloat: left;\n\t\t\t\tmargin-top: 10px;\n\t\t\t\ttext-align: center;\n\t\t\t\twidth: 33%;\n\t\t\t}\n\t\t\t#gallery-1 img {\n\t\t\t\tborder: 2px solid #cfcfcf;\n\t\t\t}\n\t\t\t#gallery-1 .gallery-caption {\n\t\t\t\tmargin-left: 0;\n\t\t\t}\n\t\t\t\/* see gallery_shortcode() in wp-includes\/media.php *\/\n\t\t<\/style>\n\t\t<div id='gallery-1' class='gallery galleryid-140 gallery-columns-3 gallery-size-medium_large'><dl class='gallery-item'>\n\t\t\t<dt class='gallery-icon portrait'>\n\t\t\t\t<a data-elementor-open-lightbox=\"yes\" data-elementor-lightbox-slideshow=\"15ac7b9\" data-elementor-lightbox-title=\"WhatsApp Image 2023-11-07 at 15.12.02 (1)\" data-e-action-hash=\"#elementor-action%3Aaction%3Dlightbox%26settings%3DeyJpZCI6Mzc2LCJ1cmwiOiJodHRwczpcL1wvYXNvY2lhY2lvbm1leGljYW5hdHJhc3BsYW50ZWNhYmVsbG8ub3JnXC93cC1jb250ZW50XC91cGxvYWRzXC8yMDIzXC8xMVwvV2hhdHNBcHAtSW1hZ2UtMjAyMy0xMS0wNy1hdC0xNS4xMi4wMi0xLmpwZWciLCJzbGlkZXNob3ciOiIxNWFjN2I5In0%3D\" href='https:\/\/asociacionmexicanatrasplantecabello.org\/wp-content\/uploads\/2023\/11\/WhatsApp-Image-2023-11-07-at-15.12.02-1.jpeg'><img decoding=\"async\" width=\"750\" height=\"1000\" src=\"https:\/\/asociacionmexicanatrasplantecabello.org\/wp-content\/uploads\/2023\/11\/WhatsApp-Image-2023-11-07-at-15.12.02-1-768x1024.jpeg\" class=\"attachment-medium_large size-medium_large\" alt=\"\" aria-describedby=\"gallery-1-376\" srcset=\"https:\/\/asociacionmexicanatrasplantecabello.org\/wp-content\/uploads\/2023\/11\/WhatsApp-Image-2023-11-07-at-15.12.02-1-768x1024.jpeg 768w, https:\/\/asociacionmexicanatrasplantecabello.org\/wp-content\/uploads\/2023\/11\/WhatsApp-Image-2023-11-07-at-15.12.02-1-225x300.jpeg 225w, https:\/\/asociacionmexicanatrasplantecabello.org\/wp-content\/uploads\/2023\/11\/WhatsApp-Image-2023-11-07-at-15.12.02-1-1152x1536.jpeg 1152w, https:\/\/asociacionmexicanatrasplantecabello.org\/wp-content\/uploads\/2023\/11\/WhatsApp-Image-2023-11-07-at-15.12.02-1-600x800.jpeg 600w, https:\/\/asociacionmexicanatrasplantecabello.org\/wp-content\/uploads\/2023\/11\/WhatsApp-Image-2023-11-07-at-15.12.02-1.jpeg 1200w\" sizes=\"(max-width: 750px) 100vw, 750px\" \/><\/a>\n\t\t\t<\/dt>\n\t\t\t\t<dd class='wp-caption-text gallery-caption' id='gallery-1-376'>\n\t\t\t\tDeterminaci\u00f3n de zona donante\n\t\t\t\t<\/dd><\/dl><dl class='gallery-item'>\n\t\t\t<dt class='gallery-icon portrait'>\n\t\t\t\t<a data-elementor-open-lightbox=\"yes\" data-elementor-lightbox-slideshow=\"15ac7b9\" data-elementor-lightbox-title=\"WhatsApp Image 2023-11-07 at 15.12.01\" data-e-action-hash=\"#elementor-action%3Aaction%3Dlightbox%26settings%3DeyJpZCI6Mzc1LCJ1cmwiOiJodHRwczpcL1wvYXNvY2lhY2lvbm1leGljYW5hdHJhc3BsYW50ZWNhYmVsbG8ub3JnXC93cC1jb250ZW50XC91cGxvYWRzXC8yMDIzXC8xMVwvV2hhdHNBcHAtSW1hZ2UtMjAyMy0xMS0wNy1hdC0xNS4xMi4wMS5qcGVnIiwic2xpZGVzaG93IjoiMTVhYzdiOSJ9\" href='https:\/\/asociacionmexicanatrasplantecabello.org\/wp-content\/uploads\/2023\/11\/WhatsApp-Image-2023-11-07-at-15.12.01.jpeg'><img decoding=\"async\" width=\"750\" height=\"1000\" src=\"https:\/\/asociacionmexicanatrasplantecabello.org\/wp-content\/uploads\/2023\/11\/WhatsApp-Image-2023-11-07-at-15.12.01-768x1024.jpeg\" class=\"attachment-medium_large size-medium_large\" alt=\"\" aria-describedby=\"gallery-1-375\" srcset=\"https:\/\/asociacionmexicanatrasplantecabello.org\/wp-content\/uploads\/2023\/11\/WhatsApp-Image-2023-11-07-at-15.12.01-768x1024.jpeg 768w, https:\/\/asociacionmexicanatrasplantecabello.org\/wp-content\/uploads\/2023\/11\/WhatsApp-Image-2023-11-07-at-15.12.01-225x300.jpeg 225w, https:\/\/asociacionmexicanatrasplantecabello.org\/wp-content\/uploads\/2023\/11\/WhatsApp-Image-2023-11-07-at-15.12.01-1152x1536.jpeg 1152w, https:\/\/asociacionmexicanatrasplantecabello.org\/wp-content\/uploads\/2023\/11\/WhatsApp-Image-2023-11-07-at-15.12.01-600x800.jpeg 600w, https:\/\/asociacionmexicanatrasplantecabello.org\/wp-content\/uploads\/2023\/11\/WhatsApp-Image-2023-11-07-at-15.12.01.jpeg 1200w\" sizes=\"(max-width: 750px) 100vw, 750px\" \/><\/a>\n\t\t\t<\/dt>\n\t\t\t\t<dd class='wp-caption-text gallery-caption' id='gallery-1-375'>\n\t\t\t\tTrazado de l\u00ednea frontal\n\t\t\t\t<\/dd><\/dl><dl class='gallery-item'>\n\t\t\t<dt class='gallery-icon portrait'>\n\t\t\t\t<a data-elementor-open-lightbox=\"yes\" data-elementor-lightbox-slideshow=\"15ac7b9\" data-elementor-lightbox-title=\"WhatsApp Image 2023-11-07 at 15.12.02\" data-e-action-hash=\"#elementor-action%3Aaction%3Dlightbox%26settings%3DeyJpZCI6Mzc3LCJ1cmwiOiJodHRwczpcL1wvYXNvY2lhY2lvbm1leGljYW5hdHJhc3BsYW50ZWNhYmVsbG8ub3JnXC93cC1jb250ZW50XC91cGxvYWRzXC8yMDIzXC8xMVwvV2hhdHNBcHAtSW1hZ2UtMjAyMy0xMS0wNy1hdC0xNS4xMi4wMi5qcGVnIiwic2xpZGVzaG93IjoiMTVhYzdiOSJ9\" href='https:\/\/asociacionmexicanatrasplantecabello.org\/wp-content\/uploads\/2023\/11\/WhatsApp-Image-2023-11-07-at-15.12.02.jpeg'><img loading=\"lazy\" decoding=\"async\" width=\"750\" height=\"1000\" src=\"https:\/\/asociacionmexicanatrasplantecabello.org\/wp-content\/uploads\/2023\/11\/WhatsApp-Image-2023-11-07-at-15.12.02-768x1024.jpeg\" class=\"attachment-medium_large size-medium_large\" alt=\"\" aria-describedby=\"gallery-1-377\" srcset=\"https:\/\/asociacionmexicanatrasplantecabello.org\/wp-content\/uploads\/2023\/11\/WhatsApp-Image-2023-11-07-at-15.12.02-768x1024.jpeg 768w, https:\/\/asociacionmexicanatrasplantecabello.org\/wp-content\/uploads\/2023\/11\/WhatsApp-Image-2023-11-07-at-15.12.02-225x300.jpeg 225w, https:\/\/asociacionmexicanatrasplantecabello.org\/wp-content\/uploads\/2023\/11\/WhatsApp-Image-2023-11-07-at-15.12.02-1152x1536.jpeg 1152w, https:\/\/asociacionmexicanatrasplantecabello.org\/wp-content\/uploads\/2023\/11\/WhatsApp-Image-2023-11-07-at-15.12.02-600x800.jpeg 600w, https:\/\/asociacionmexicanatrasplantecabello.org\/wp-content\/uploads\/2023\/11\/WhatsApp-Image-2023-11-07-at-15.12.02.jpeg 1200w\" sizes=\"(max-width: 750px) 100vw, 750px\" \/><\/a>\n\t\t\t<\/dt>\n\t\t\t\t<dd class='wp-caption-text gallery-caption' id='gallery-1-377'>\n\t\t\t\tPr\u00e1ctica en modelos.\n\t\t\t\t<\/dd><\/dl><br style=\"clear: both\" \/><dl class='gallery-item'>\n\t\t\t<dt class='gallery-icon portrait'>\n\t\t\t\t<a data-elementor-open-lightbox=\"yes\" data-elementor-lightbox-slideshow=\"15ac7b9\" data-elementor-lightbox-title=\"WhatsApp Image 2023-11-07 at 15.12.00 (1)\" data-e-action-hash=\"#elementor-action%3Aaction%3Dlightbox%26settings%3DeyJpZCI6MzczLCJ1cmwiOiJodHRwczpcL1wvYXNvY2lhY2lvbm1leGljYW5hdHJhc3BsYW50ZWNhYmVsbG8ub3JnXC93cC1jb250ZW50XC91cGxvYWRzXC8yMDIzXC8xMVwvV2hhdHNBcHAtSW1hZ2UtMjAyMy0xMS0wNy1hdC0xNS4xMi4wMC0xLmpwZWciLCJzbGlkZXNob3ciOiIxNWFjN2I5In0%3D\" href='https:\/\/asociacionmexicanatrasplantecabello.org\/wp-content\/uploads\/2023\/11\/WhatsApp-Image-2023-11-07-at-15.12.00-1.jpeg'><img loading=\"lazy\" decoding=\"async\" width=\"750\" height=\"1000\" src=\"https:\/\/asociacionmexicanatrasplantecabello.org\/wp-content\/uploads\/2023\/11\/WhatsApp-Image-2023-11-07-at-15.12.00-1-768x1024.jpeg\" class=\"attachment-medium_large size-medium_large\" alt=\"\" aria-describedby=\"gallery-1-373\" srcset=\"https:\/\/asociacionmexicanatrasplantecabello.org\/wp-content\/uploads\/2023\/11\/WhatsApp-Image-2023-11-07-at-15.12.00-1-768x1024.jpeg 768w, https:\/\/asociacionmexicanatrasplantecabello.org\/wp-content\/uploads\/2023\/11\/WhatsApp-Image-2023-11-07-at-15.12.00-1-225x300.jpeg 225w, https:\/\/asociacionmexicanatrasplantecabello.org\/wp-content\/uploads\/2023\/11\/WhatsApp-Image-2023-11-07-at-15.12.00-1-1152x1536.jpeg 1152w, https:\/\/asociacionmexicanatrasplantecabello.org\/wp-content\/uploads\/2023\/11\/WhatsApp-Image-2023-11-07-at-15.12.00-1-600x800.jpeg 600w, https:\/\/asociacionmexicanatrasplantecabello.org\/wp-content\/uploads\/2023\/11\/WhatsApp-Image-2023-11-07-at-15.12.00-1.jpeg 1200w\" sizes=\"(max-width: 750px) 100vw, 750px\" \/><\/a>\n\t\t\t<\/dt>\n\t\t\t\t<dd class='wp-caption-text gallery-caption' id='gallery-1-373'>\n\t\t\t\tCorte de pelo\n\t\t\t\t<\/dd><\/dl><dl class='gallery-item'>\n\t\t\t<dt class='gallery-icon landscape'>\n\t\t\t\t<a data-elementor-open-lightbox=\"yes\" data-elementor-lightbox-slideshow=\"15ac7b9\" data-elementor-lightbox-title=\"fue-sac-ekimi-hakkinda-1\" data-e-action-hash=\"#elementor-action%3Aaction%3Dlightbox%26settings%3DeyJpZCI6MzYwLCJ1cmwiOiJodHRwczpcL1wvYXNvY2lhY2lvbm1leGljYW5hdHJhc3BsYW50ZWNhYmVsbG8ub3JnXC93cC1jb250ZW50XC91cGxvYWRzXC8yMDIzXC8xMVwvZnVlLXNhYy1la2ltaS1oYWtraW5kYS0xLTEuanBnIiwic2xpZGVzaG93IjoiMTVhYzdiOSJ9\" href='https:\/\/asociacionmexicanatrasplantecabello.org\/wp-content\/uploads\/2023\/11\/fue-sac-ekimi-hakkinda-1-1.jpg'><img loading=\"lazy\" decoding=\"async\" width=\"750\" height=\"449\" src=\"https:\/\/asociacionmexicanatrasplantecabello.org\/wp-content\/uploads\/2023\/11\/fue-sac-ekimi-hakkinda-1-1-768x460.jpg\" class=\"attachment-medium_large size-medium_large\" alt=\"\" aria-describedby=\"gallery-1-360\" srcset=\"https:\/\/asociacionmexicanatrasplantecabello.org\/wp-content\/uploads\/2023\/11\/fue-sac-ekimi-hakkinda-1-1-768x460.jpg 768w, https:\/\/asociacionmexicanatrasplantecabello.org\/wp-content\/uploads\/2023\/11\/fue-sac-ekimi-hakkinda-1-1-300x180.jpg 300w, https:\/\/asociacionmexicanatrasplantecabello.org\/wp-content\/uploads\/2023\/11\/fue-sac-ekimi-hakkinda-1-1-1024x614.jpg 1024w, https:\/\/asociacionmexicanatrasplantecabello.org\/wp-content\/uploads\/2023\/11\/fue-sac-ekimi-hakkinda-1-1-600x360.jpg 600w, https:\/\/asociacionmexicanatrasplantecabello.org\/wp-content\/uploads\/2023\/11\/fue-sac-ekimi-hakkinda-1-1.jpg 1500w\" sizes=\"(max-width: 750px) 100vw, 750px\" \/><\/a>\n\t\t\t<\/dt>\n\t\t\t\t<dd class='wp-caption-text gallery-caption' id='gallery-1-360'>\n\t\t\t\tExtracci\u00f3n\n\t\t\t\t<\/dd><\/dl><dl class='gallery-item'>\n\t\t\t<dt class='gallery-icon portrait'>\n\t\t\t\t<a data-elementor-open-lightbox=\"yes\" data-elementor-lightbox-slideshow=\"15ac7b9\" data-elementor-lightbox-title=\"WhatsApp Image 2023-11-07 at 15.12.11\" data-e-action-hash=\"#elementor-action%3Aaction%3Dlightbox%26settings%3DeyJpZCI6MzkxLCJ1cmwiOiJodHRwczpcL1wvYXNvY2lhY2lvbm1leGljYW5hdHJhc3BsYW50ZWNhYmVsbG8ub3JnXC93cC1jb250ZW50XC91cGxvYWRzXC8yMDIzXC8xMVwvV2hhdHNBcHAtSW1hZ2UtMjAyMy0xMS0wNy1hdC0xNS4xMi4xMS5qcGVnIiwic2xpZGVzaG93IjoiMTVhYzdiOSJ9\" href='https:\/\/asociacionmexicanatrasplantecabello.org\/wp-content\/uploads\/2023\/11\/WhatsApp-Image-2023-11-07-at-15.12.11.jpeg'><img loading=\"lazy\" decoding=\"async\" width=\"750\" height=\"1000\" src=\"https:\/\/asociacionmexicanatrasplantecabello.org\/wp-content\/uploads\/2023\/11\/WhatsApp-Image-2023-11-07-at-15.12.11-768x1024.jpeg\" class=\"attachment-medium_large size-medium_large\" alt=\"\" aria-describedby=\"gallery-1-391\" srcset=\"https:\/\/asociacionmexicanatrasplantecabello.org\/wp-content\/uploads\/2023\/11\/WhatsApp-Image-2023-11-07-at-15.12.11-768x1024.jpeg 768w, https:\/\/asociacionmexicanatrasplantecabello.org\/wp-content\/uploads\/2023\/11\/WhatsApp-Image-2023-11-07-at-15.12.11-225x300.jpeg 225w, https:\/\/asociacionmexicanatrasplantecabello.org\/wp-content\/uploads\/2023\/11\/WhatsApp-Image-2023-11-07-at-15.12.11-1152x1536.jpeg 1152w, https:\/\/asociacionmexicanatrasplantecabello.org\/wp-content\/uploads\/2023\/11\/WhatsApp-Image-2023-11-07-at-15.12.11-600x800.jpeg 600w, https:\/\/asociacionmexicanatrasplantecabello.org\/wp-content\/uploads\/2023\/11\/WhatsApp-Image-2023-11-07-at-15.12.11.jpeg 1200w\" sizes=\"(max-width: 750px) 100vw, 750px\" \/><\/a>\n\t\t\t<\/dt>\n\t\t\t\t<dd class='wp-caption-text gallery-caption' id='gallery-1-391'>\n\t\t\t\tModelado de unidades foliculares\n\t\t\t\t<\/dd><\/dl><br style=\"clear: both\" \/><dl class='gallery-item'>\n\t\t\t<dt class='gallery-icon portrait'>\n\t\t\t\t<a data-elementor-open-lightbox=\"yes\" data-elementor-lightbox-slideshow=\"15ac7b9\" data-elementor-lightbox-title=\"WhatsApp Image 2023-11-07 at 15.12.08 (1)\" data-e-action-hash=\"#elementor-action%3Aaction%3Dlightbox%26settings%3DeyJpZCI6Mzg0LCJ1cmwiOiJodHRwczpcL1wvYXNvY2lhY2lvbm1leGljYW5hdHJhc3BsYW50ZWNhYmVsbG8ub3JnXC93cC1jb250ZW50XC91cGxvYWRzXC8yMDIzXC8xMVwvV2hhdHNBcHAtSW1hZ2UtMjAyMy0xMS0wNy1hdC0xNS4xMi4wOC0xLmpwZWciLCJzbGlkZXNob3ciOiIxNWFjN2I5In0%3D\" href='https:\/\/asociacionmexicanatrasplantecabello.org\/wp-content\/uploads\/2023\/11\/WhatsApp-Image-2023-11-07-at-15.12.08-1.jpeg'><img loading=\"lazy\" decoding=\"async\" width=\"750\" height=\"1000\" src=\"https:\/\/asociacionmexicanatrasplantecabello.org\/wp-content\/uploads\/2023\/11\/WhatsApp-Image-2023-11-07-at-15.12.08-1-768x1024.jpeg\" class=\"attachment-medium_large size-medium_large\" alt=\"\" aria-describedby=\"gallery-1-384\" srcset=\"https:\/\/asociacionmexicanatrasplantecabello.org\/wp-content\/uploads\/2023\/11\/WhatsApp-Image-2023-11-07-at-15.12.08-1-768x1024.jpeg 768w, https:\/\/asociacionmexicanatrasplantecabello.org\/wp-content\/uploads\/2023\/11\/WhatsApp-Image-2023-11-07-at-15.12.08-1-225x300.jpeg 225w, https:\/\/asociacionmexicanatrasplantecabello.org\/wp-content\/uploads\/2023\/11\/WhatsApp-Image-2023-11-07-at-15.12.08-1-1152x1536.jpeg 1152w, https:\/\/asociacionmexicanatrasplantecabello.org\/wp-content\/uploads\/2023\/11\/WhatsApp-Image-2023-11-07-at-15.12.08-1-600x800.jpeg 600w, https:\/\/asociacionmexicanatrasplantecabello.org\/wp-content\/uploads\/2023\/11\/WhatsApp-Image-2023-11-07-at-15.12.08-1.jpeg 1200w\" sizes=\"(max-width: 750px) 100vw, 750px\" \/><\/a>\n\t\t\t<\/dt>\n\t\t\t\t<dd class='wp-caption-text gallery-caption' id='gallery-1-384'>\n\t\t\t\tUnidades foliculares en el microscopio digital\n\t\t\t\t<\/dd><\/dl><dl class='gallery-item'>\n\t\t\t<dt class='gallery-icon portrait'>\n\t\t\t\t<a data-elementor-open-lightbox=\"yes\" data-elementor-lightbox-slideshow=\"15ac7b9\" data-elementor-lightbox-title=\"WhatsApp Image 2023-11-07 at 15.12.09\" data-e-action-hash=\"#elementor-action%3Aaction%3Dlightbox%26settings%3DeyJpZCI6Mzg4LCJ1cmwiOiJodHRwczpcL1wvYXNvY2lhY2lvbm1leGljYW5hdHJhc3BsYW50ZWNhYmVsbG8ub3JnXC93cC1jb250ZW50XC91cGxvYWRzXC8yMDIzXC8xMVwvV2hhdHNBcHAtSW1hZ2UtMjAyMy0xMS0wNy1hdC0xNS4xMi4wOS5qcGVnIiwic2xpZGVzaG93IjoiMTVhYzdiOSJ9\" href='https:\/\/asociacionmexicanatrasplantecabello.org\/wp-content\/uploads\/2023\/11\/WhatsApp-Image-2023-11-07-at-15.12.09.jpeg'><img loading=\"lazy\" decoding=\"async\" width=\"750\" height=\"1000\" src=\"https:\/\/asociacionmexicanatrasplantecabello.org\/wp-content\/uploads\/2023\/11\/WhatsApp-Image-2023-11-07-at-15.12.09-768x1024.jpeg\" class=\"attachment-medium_large size-medium_large\" alt=\"\" aria-describedby=\"gallery-1-388\" srcset=\"https:\/\/asociacionmexicanatrasplantecabello.org\/wp-content\/uploads\/2023\/11\/WhatsApp-Image-2023-11-07-at-15.12.09-768x1024.jpeg 768w, https:\/\/asociacionmexicanatrasplantecabello.org\/wp-content\/uploads\/2023\/11\/WhatsApp-Image-2023-11-07-at-15.12.09-225x300.jpeg 225w, https:\/\/asociacionmexicanatrasplantecabello.org\/wp-content\/uploads\/2023\/11\/WhatsApp-Image-2023-11-07-at-15.12.09-1152x1536.jpeg 1152w, https:\/\/asociacionmexicanatrasplantecabello.org\/wp-content\/uploads\/2023\/11\/WhatsApp-Image-2023-11-07-at-15.12.09-600x800.jpeg 600w, https:\/\/asociacionmexicanatrasplantecabello.org\/wp-content\/uploads\/2023\/11\/WhatsApp-Image-2023-11-07-at-15.12.09.jpeg 1200w\" sizes=\"(max-width: 750px) 100vw, 750px\" \/><\/a>\n\t\t\t<\/dt>\n\t\t\t\t<dd class='wp-caption-text gallery-caption' id='gallery-1-388'>\n\t\t\t\tImplantaci\u00f3n\n\t\t\t\t<\/dd><\/dl>\n\t\t\t<br style='clear: both' \/>\n\t\t<\/div>\n\t\t<\/div>\n\t\t\t\t\t\t<\/div>\n\t\t\t\t<\/div>\n\t\t\t\t\t<\/div>\n\t\t\t\t<\/div>\n\t\t<div class=\"elementor-element elementor-element-1e7d8fd e-flex e-con-boxed e-con e-parent\" data-id=\"1e7d8fd\" data-element_type=\"container\" data-e-type=\"container\">\n\t\t\t\t\t<div class=\"e-con-inner\">\n\t\t\t\t<div class=\"elementor-element elementor-element-64c5c24 elementor-button-info elementor-align-center elementor-widget elementor-widget-button\" data-id=\"64c5c24\" data-element_type=\"widget\" data-e-type=\"widget\" data-widget_type=\"button.default\">\n\t\t\t\t<div class=\"elementor-widget-container\">\n\t\t\t\t\t\t\t\t\t<div class=\"elementor-button-wrapper\">\n\t\t\t\t\t<a class=\"elementor-button elementor-button-link elementor-size-lg\" href=\"https:\/\/asociacionmexicanatrasplantecabello.org\/?page_id=1041\">\n\t\t\t\t\t\t<span class=\"elementor-button-content-wrapper\">\n\t\t\t\t\t\t\t\t\t<span class=\"elementor-button-text\">QUIERO SABER M\u00c1S<\/span>\n\t\t\t\t\t<\/span>\n\t\t\t\t\t<\/a>\n\t\t\t\t<\/div>\n\t\t\t\t\t\t\t\t<\/div>\n\t\t\t\t<\/div>\n\t\t\t\t\t<\/div>\n\t\t\t\t<\/div>\n\t\t<div class=\"elementor-element elementor-element-9b89170 e-flex e-con-boxed e-con e-parent\" data-id=\"9b89170\" data-element_type=\"container\" data-e-type=\"container\">\n\t\t\t\t\t<div class=\"e-con-inner\">\n\t\t\t\t<div class=\"elementor-element elementor-element-239d695 elementor-widget elementor-widget-spacer\" data-id=\"239d695\" data-element_type=\"widget\" data-e-type=\"widget\" data-widget_type=\"spacer.default\">\n\t\t\t\t<div class=\"elementor-widget-container\">\n\t\t\t\t\t\t\t<div class=\"elementor-spacer\">\n\t\t\t<div class=\"elementor-spacer-inner\"><\/div>\n\t\t<\/div>\n\t\t\t\t\t\t<\/div>\n\t\t\t\t<\/div>\n\t\t\t\t\t<\/div>\n\t\t\t\t<\/div>\n\t\t\t\t<\/div>\n\t\t","protected":false},"excerpt":{"rendered":"<p>Curso b\u00e1sico -Grupos reducidos de m\u00e9dicos. -Todos los conocimientos con base en la actualizaci\u00f3n m\u00e9dica cont\u00ednua. -El m\u00e9dico participa y realiza cada una de las etapas del implante. -Nuestros pacientes son voluntarios, situaci\u00f3n ideal para la transmisi\u00f3n de conocimientos. -Acceso a todo el instrumental y equipamiento disponible: extracci\u00f3n manual y [&hellip;]<\/p>\n","protected":false},"author":1,"featured_media":0,"parent":0,"menu_order":0,"comment_status":"closed","ping_status":"closed","template":"page-templates\/template-pagebuilder-full-width.php","meta":{"om_disable_all_campaigns":false,"footnotes":""},"class_list":["post-140","page","type-page","status-publish","hentry"],"aioseo_notices":[],"_links":{"self":[{"href":"https:\/\/asociacionmexicanatrasplantecabello.org\/index.php?rest_route=\/wp\/v2\/pages\/140","targetHints":{"allow":["GET"]}}],"collection":[{"href":"https:\/\/asociacionmexicanatrasplantecabello.org\/index.php?rest_route=\/wp\/v2\/pages"}],"about":[{"href":"https:\/\/asociacionmexicanatrasplantecabello.org\/index.php?rest_route=\/wp\/v2\/types\/page"}],"author":[{"embeddable":true,"href":"https:\/\/asociacionmexicanatrasplantecabello.org\/index.php?rest_route=\/wp\/v2\/users\/1"}],"replies":[{"embeddable":true,"href":"https:\/\/asociacionmexicanatrasplantecabello.org\/index.php?rest_route=%2Fwp%2Fv2%2Fcomments&post=140"}],"version-history":[{"count":32,"href":"https:\/\/asociacionmexicanatrasplantecabello.org\/index.php?rest_route=\/wp\/v2\/pages\/140\/revisions"}],"predecessor-version":[{"id":1054,"href":"https:\/\/asociacionmexicanatrasplantecabello.org\/index.php?rest_route=\/wp\/v2\/pages\/140\/revisions\/1054"}],"wp:attachment":[{"href":"https:\/\/asociacionmexicanatrasplantecabello.org\/index.php?rest_route=%2Fwp%2Fv2%2Fmedia&parent=140"}],"curies":[{"name":"wp","href":"https:\/\/api.w.org\/{rel}","templated":true}]}}