{"id":134,"date":"2023-11-06T21:06:07","date_gmt":"2023-11-06T21:06:07","guid":{"rendered":"https:\/\/asociacionmexicanatrasplantecabello.org\/?page_id=134"},"modified":"2025-04-09T04:16:07","modified_gmt":"2025-04-09T04:16:07","slug":"hazte-socio","status":"publish","type":"page","link":"https:\/\/asociacionmexicanatrasplantecabello.org\/?page_id=134","title":{"rendered":"HAZTE SOCIO"},"content":{"rendered":"\t\t<div data-elementor-type=\"wp-page\" data-elementor-id=\"134\" class=\"elementor elementor-134\">\n\t\t\t\t<div class=\"elementor-element elementor-element-fccdecf e-flex e-con-boxed e-con e-parent\" data-id=\"fccdecf\" data-element_type=\"container\" data-e-type=\"container\">\n\t\t\t\t\t<div class=\"e-con-inner\">\n\t\t<div class=\"elementor-element elementor-element-bc36770 e-con-full e-flex e-con e-child\" data-id=\"bc36770\" data-element_type=\"container\" data-e-type=\"container\">\n\t\t<div class=\"elementor-element elementor-element-ad35f1e e-con-full e-flex e-con e-child\" data-id=\"ad35f1e\" data-element_type=\"container\" data-e-type=\"container\">\n\t\t\t\t<div class=\"elementor-element elementor-element-9ddf9fc elementor-invisible elementor-widget elementor-widget-image\" data-id=\"9ddf9fc\" data-element_type=\"widget\" data-e-type=\"widget\" data-settings=\"{&quot;_animation&quot;:&quot;fadeInLeft&quot;}\" data-widget_type=\"image.default\">\n\t\t\t\t<div class=\"elementor-widget-container\">\n\t\t\t\t\t\t\t\t\t\t\t\t\t\t\t<img decoding=\"async\" width=\"150\" height=\"150\" src=\"https:\/\/asociacionmexicanatrasplantecabello.org\/wp-content\/uploads\/2023\/11\/cropped-cropped-PHOTO-2023-02-23-11-56-17-150x150.jpg\" class=\"attachment-thumbnail size-thumbnail wp-image-91\" alt=\"\" srcset=\"https:\/\/asociacionmexicanatrasplantecabello.org\/wp-content\/uploads\/2023\/11\/cropped-cropped-PHOTO-2023-02-23-11-56-17-150x150.jpg 150w, https:\/\/asociacionmexicanatrasplantecabello.org\/wp-content\/uploads\/2023\/11\/cropped-cropped-PHOTO-2023-02-23-11-56-17-300x300.jpg 300w, https:\/\/asociacionmexicanatrasplantecabello.org\/wp-content\/uploads\/2023\/11\/cropped-cropped-PHOTO-2023-02-23-11-56-17-160x160.jpg 160w, https:\/\/asociacionmexicanatrasplantecabello.org\/wp-content\/uploads\/2023\/11\/cropped-cropped-PHOTO-2023-02-23-11-56-17-270x270.jpg 270w, https:\/\/asociacionmexicanatrasplantecabello.org\/wp-content\/uploads\/2023\/11\/cropped-cropped-PHOTO-2023-02-23-11-56-17-192x192.jpg 192w, https:\/\/asociacionmexicanatrasplantecabello.org\/wp-content\/uploads\/2023\/11\/cropped-cropped-PHOTO-2023-02-23-11-56-17-180x180.jpg 180w, https:\/\/asociacionmexicanatrasplantecabello.org\/wp-content\/uploads\/2023\/11\/cropped-cropped-PHOTO-2023-02-23-11-56-17-32x32.jpg 32w, https:\/\/asociacionmexicanatrasplantecabello.org\/wp-content\/uploads\/2023\/11\/cropped-cropped-PHOTO-2023-02-23-11-56-17.jpg 512w\" sizes=\"(max-width: 150px) 100vw, 150px\" \/>\t\t\t\t\t\t\t\t\t\t\t\t\t\t\t<\/div>\n\t\t\t\t<\/div>\n\t\t\t\t<\/div>\n\t\t\t\t<\/div>\n\t\t<div class=\"elementor-element elementor-element-8b5cc99 e-con-full e-flex e-con e-child\" data-id=\"8b5cc99\" data-element_type=\"container\" data-e-type=\"container\">\n\t\t<div class=\"elementor-element elementor-element-1594e4e e-con-full e-flex e-con e-child\" data-id=\"1594e4e\" data-element_type=\"container\" data-e-type=\"container\">\n\t\t\t\t<div class=\"elementor-element elementor-element-dc8b15e elementor-invisible elementor-widget elementor-widget-heading\" data-id=\"dc8b15e\" data-element_type=\"widget\" data-e-type=\"widget\" data-settings=\"{&quot;_animation&quot;:&quot;fadeInRight&quot;}\" data-widget_type=\"heading.default\">\n\t\t\t\t<div class=\"elementor-widget-container\">\n\t\t\t\t\t<h1 class=\"elementor-heading-title elementor-size-xxl\">Hazte Socio<\/h1>\t\t\t\t<\/div>\n\t\t\t\t<\/div>\n\t\t\t\t<\/div>\n\t\t\t\t<\/div>\n\t\t\t\t\t<\/div>\n\t\t\t\t<\/div>\n\t\t<div class=\"elementor-element elementor-element-b48a84e e-flex e-con-boxed e-con e-parent\" data-id=\"b48a84e\" data-element_type=\"container\" data-e-type=\"container\">\n\t\t\t\t\t<div class=\"e-con-inner\">\n\t\t\t\t<div class=\"elementor-element elementor-element-d7fdba0 elementor-widget-divider--view-line elementor-widget elementor-widget-divider\" data-id=\"d7fdba0\" data-element_type=\"widget\" data-e-type=\"widget\" data-widget_type=\"divider.default\">\n\t\t\t\t<div class=\"elementor-widget-container\">\n\t\t\t\t\t\t\t<div class=\"elementor-divider\">\n\t\t\t<span class=\"elementor-divider-separator\">\n\t\t\t\t\t\t<\/span>\n\t\t<\/div>\n\t\t\t\t\t\t<\/div>\n\t\t\t\t<\/div>\n\t\t\t\t\t<\/div>\n\t\t\t\t<\/div>\n\t\t<div class=\"elementor-element elementor-element-e949a1f e-flex e-con-boxed e-con e-parent\" data-id=\"e949a1f\" data-element_type=\"container\" data-e-type=\"container\">\n\t\t\t\t\t<div class=\"e-con-inner\">\n\t\t<div class=\"elementor-element elementor-element-c494126 e-con-full e-flex e-con e-child\" data-id=\"c494126\" data-element_type=\"container\" data-e-type=\"container\">\n\t\t\t\t<div class=\"elementor-element elementor-element-a4b2547 elementor-widget elementor-widget-heading\" data-id=\"a4b2547\" data-element_type=\"widget\" data-e-type=\"widget\" data-widget_type=\"heading.default\">\n\t\t\t\t<div class=\"elementor-widget-container\">\n\t\t\t\t\t<h2 class=\"elementor-heading-title elementor-size-default\">Requisitos:<\/h2>\t\t\t\t<\/div>\n\t\t\t\t<\/div>\n\t\t\t\t<\/div>\n\t\t\t\t\t<\/div>\n\t\t\t\t<\/div>\n\t\t<div class=\"elementor-element elementor-element-378ce8c e-flex e-con-boxed e-con e-parent\" data-id=\"378ce8c\" data-element_type=\"container\" data-e-type=\"container\" data-settings=\"{&quot;background_background&quot;:&quot;classic&quot;}\">\n\t\t\t\t\t<div class=\"e-con-inner\">\n\t\t<div class=\"elementor-element elementor-element-346b810 e-con-full e-flex e-con e-child\" data-id=\"346b810\" data-element_type=\"container\" data-e-type=\"container\">\n\t\t\t\t<div class=\"elementor-element elementor-element-c134838 elementor-widget elementor-widget-text-editor\" data-id=\"c134838\" data-element_type=\"widget\" data-e-type=\"widget\" data-widget_type=\"text-editor.default\">\n\t\t\t\t<div class=\"elementor-widget-container\">\n\t\t\t\t\t\t\t\t\t<ol><li><p class=\"body\"><strong>Solicitud escrita dirigida al Presidente del Consejo Directivo<\/strong><\/p><\/li><li><p class=\"body\"><strong>Curr\u00edculum Vitae<\/strong><\/p><\/li><li><p class=\"body\"><strong>Copia del t\u00edtulo profesional de la carrera de medicina<\/strong><\/p><\/li><li><p class=\"body\"><strong>Copia del diploma que avale diplomado, maestr\u00eda y\/o curso (s) en transplante capilar.<\/strong><\/p><\/li><li><p class=\"body\"><strong>Carta de recomendaci\u00f3n firmada por un miembro titular de la Asociaci\u00f3n que avale la integridad moral, \u00e9tica y profesional del solicitante<\/strong><\/p><\/li><li><p class=\"body\"><strong>Recibo de pago de la cuota anual<\/strong><\/p><\/li><li><p class=\"body\"><strong>Dos fotograf\u00edas tama\u00f1o credencial.<\/strong><\/p><\/li><\/ol>\t\t\t\t\t\t\t\t<\/div>\n\t\t\t\t<\/div>\n\t\t\t\t<\/div>\n\t\t\t\t\t<\/div>\n\t\t\t\t<\/div>\n\t\t<div class=\"elementor-element elementor-element-28e78bc e-flex e-con-boxed e-con e-parent\" data-id=\"28e78bc\" data-element_type=\"container\" data-e-type=\"container\" data-settings=\"{&quot;background_background&quot;:&quot;classic&quot;}\">\n\t\t\t\t\t<div class=\"e-con-inner\">\n\t\t<div class=\"elementor-element elementor-element-bedcdc3 e-con-full e-flex elementor-invisible e-con e-child\" data-id=\"bedcdc3\" data-element_type=\"container\" data-e-type=\"container\" data-settings=\"{&quot;animation&quot;:&quot;fadeInUp&quot;}\">\n\t\t\t\t<div class=\"elementor-element elementor-element-5fb3a21 elementor-widget elementor-widget-heading\" data-id=\"5fb3a21\" data-element_type=\"widget\" data-e-type=\"widget\" data-widget_type=\"heading.default\">\n\t\t\t\t<div class=\"elementor-widget-container\">\n\t\t\t\t\t<h2 class=\"elementor-heading-title elementor-size-default\">Beneficios<\/h2>\t\t\t\t<\/div>\n\t\t\t\t<\/div>\n\t\t\t\t<div class=\"elementor-element elementor-element-f0bb37f elementor-widget elementor-widget-text-editor\" data-id=\"f0bb37f\" data-element_type=\"widget\" data-e-type=\"widget\" data-widget_type=\"text-editor.default\">\n\t\t\t\t<div class=\"elementor-widget-container\">\n\t\t\t\t\t\t\t\t\t<ul><li><p class=\"body\"><strong>Asistir a las Asambleas Generales, ya sean Ordinaria y\/o Extraordinarias a las que sean convocados<\/strong><\/p><\/li><li><p class=\"body\"><strong>Tener voz y voto en las juntas y Asambleas<\/strong><\/p><\/li><li><p class=\"body\"><strong>Elegir y ser electo para los puestos del Consejo Directivo<\/strong><\/p><\/li><li><p class=\"body\"><strong>Recibir el diploma que lo acredita como Asociado Activo<\/strong><\/p><\/li><li><p class=\"body\"><strong>Presentarse como asociado de la Asociaci\u00f3n, para los fines que le convengan;<\/strong><\/p><\/li><li><p class=\"body\"><strong>Asistir previa inscripci\u00f3n, al Congreso Internacional Anual de la Asociaci\u00f3n M\u00e9xicana de Transpante de Cabello, con las prerrogativas que observan estos Estatutos<\/strong><\/p><\/li><li><p class=\"body\"><strong>Derecho a cuota especial como Asociado al corriente de sus cuotas para cursos de postgrado y dem\u00e1s capacitaciones de alta especialidad, que organice de la Asociaci\u00f3n<\/strong><\/p><\/li><li><p class=\"body\"><strong>Asistir a reuniones regionales, cursos, foros, etc. avalados por la Asociaci\u00f3n, con cuotas especiales, para cada evento<\/strong><\/p><\/li><li><p class=\"body\"><strong>Recibir sin costo alguno la Revista Transplante capilar en M\u00e9xico, el Bolet\u00edn y los Suplementos que edite la Asociaci\u00f3n; as\u00ed como sus versiones electr\u00f3nicas<\/strong><\/p><\/li><li><p class=\"body\"><strong>Hacer presencia f\u00edsica y\/o virtual con acceso personalizado seg\u00fan corresponda, a las sesiones cient\u00edficas ordinarias y extraordinarias, sesiones de seguridad, desayunos y cenas con el experto, de los Comit\u00e9s de Seguridad y de Educaci\u00f3n M\u00e9dica Continua del Consejo Directivo.<\/strong><\/p><\/li><li><p class=\"body\"><strong>Recibir asesor\u00eda a solicitud expresa por el Asociado, en conflictos M\u00e9dico-Legales, de acuerdo a los medios disponibles de la Asociaci\u00f3n, en forma personalizada, por escrito, o a trav\u00e9s de un v\u00ednculo especial dentro del portal electr\u00f3nico de la Asociaci\u00f3n<\/strong><\/p><\/li><li><p class=\"body\"><strong>Recibir a solicitud expresa por el asociado, asesor\u00eda quir\u00fargica; en metodolog\u00eda de la investigaci\u00f3n; y en Gesti\u00f3n de Calidad; de acuerdo a los recursos disponibles de la Asociaci\u00f3n, ya sea en forma personalizada, por escrito, o a trav\u00e9s de v\u00ednculo especial en el portal electr\u00f3nico de la Asociaci\u00f3n.<\/strong><\/p><\/li><li><p class=\"body\"><strong>Recibir apoyo para actividades acad\u00e9micas organizadas por los Asociados a trav\u00e9s de los Colegios, Asociaciones y Sociedades Filiales a la Asociaci\u00f3n, en apego al<\/strong><br \/><strong>Reglamento de Educaci\u00f3n M\u00e9dica Continua Vigente<\/strong><\/p><\/li><li><p class=\"body\"><strong>Disfrutar de cuotas especiales en eventos que organice la Asociaci\u00f3n, de acuerdo al an\u00e1lisis presupuestal realizado por el Consejo Directivo en funciones<\/strong><\/p><\/li><li><p class=\"body\"><strong>Contar con un acceso personal a la p\u00e1gina WEB de la Asociaci\u00f3n; ser parte de su directorio m\u00e9dico<\/strong><\/p><\/li><li><p class=\"body\"><strong>Obtener recibos fiscales por pagos realizados a la Asociaci\u00f3n<\/strong><\/p><\/li><li><p class=\"body\"><strong>Recibir la correspondencia emitida por la Asociaci\u00f3n<\/strong><\/p><\/li><li><p class=\"body\"><strong>Ser informado detalladamente del estado financiero, administrativo y econ\u00f3mico de la Asociaci\u00f3n, a solicitud expresa y por escrito del asociado, para ejercer el derecho de vigilar que el Consejo Directivo se apegue a los fines de la Asociaci\u00f3n<\/strong><\/p><\/li><li><p class=\"body\"><strong>Hacer uso de las instalaciones de la Asociaci\u00f3n, para fines acad\u00e9micos o culturales que al asociado convengan, sin lucro personal; previa autorizaci\u00f3n por el presidente del Consejo Directivo en funciones, el director ejecutivo y\/o el administrador general<\/strong><\/p><\/li><li><p class=\"body\"><strong>Todos aquellos que al efecto confieran estos Estatutos y dem\u00e1s disposiciones y reglamentos que de ellos emanen, la ley y la Asamblea Ordinaria o Extraordinaria<\/strong><\/p><\/li><li><p class=\"body\"><strong>Contar con aviso de privacidad de protecci\u00f3n de datos personales en posesi\u00f3n de terceros de acuerdo a lo establecido en las leyes vigentes.<\/strong><\/p><\/li><\/ul>\t\t\t\t\t\t\t\t<\/div>\n\t\t\t\t<\/div>\n\t\t\t\t<\/div>\n\t\t\t\t\t<\/div>\n\t\t\t\t<\/div>\n\t\t<div class=\"elementor-element elementor-element-3f34909 e-flex e-con-boxed e-con e-parent\" data-id=\"3f34909\" data-element_type=\"container\" data-e-type=\"container\" data-settings=\"{&quot;background_background&quot;:&quot;classic&quot;}\">\n\t\t\t\t\t<div class=\"e-con-inner\">\n\t\t<div class=\"elementor-element elementor-element-e6add83 e-con-full e-flex e-con e-child\" data-id=\"e6add83\" data-element_type=\"container\" data-e-type=\"container\">\n\t\t\t\t<div class=\"elementor-element elementor-element-7387173 elementor-widget elementor-widget-text-editor\" data-id=\"7387173\" data-element_type=\"widget\" data-e-type=\"widget\" data-widget_type=\"text-editor.default\">\n\t\t\t\t<div class=\"elementor-widget-container\">\n\t\t\t\t\t\t\t\t\t<h3><span style=\"font-size: inherit; text-align: var(--text-align);\">Son Asociados Titulares los profesionistas, que habiendo solicitado su admisi\u00f3n, cumplen con los siguientes requisitos:<\/span><\/h3><ul><li><p class=\"body\">Presentar el t\u00edtulo de m\u00e9dico en sus diferentes denominaciones, de acuerdo a la instituci\u00f3n educativa formadora, facultad o escuela de medicina, y estar debidamente autorizado para ejercer la Medicina de acuerdo a la normatividad vigente, por la Ley General de Profesiones y los reglamentos y leyes que sean aplicables por la Constituci\u00f3n Pol\u00edtica de los Estados Unidos Mexicanos; para lo cual, deber\u00e1 presentar el T\u00edtulo y la C\u00e9dula Profesional.<\/p><\/li><li><p class=\"body\">Presentar diploma expedido por instituci\u00f3n reconocida que avale la formaci\u00f3n en transplante capilar, sea nacional o internacional.<\/p><\/li><li><p class=\"body\">Los aspirantes extranjeros o nacionales que realizaron sus estudios en otro pa\u00eds, y ejercen legalmente la medicina en la Rep\u00fablica Mexicana, deben presentar documentos oficiales reconocidos por la Secretar\u00eda de Educaci\u00f3n P\u00fablica Federal, debidamente apostillados por la autoridad competente, que dejen constancia de su legal revalidaci\u00f3n de estudios, as\u00ed como los documentos que acrediten que se encuentren autorizados para tener legal permanencia en el pa\u00eds de acuerdo a las leyes aplicables en caso de aspirantes extranjeros.<\/p><\/li><li><p class=\"body\">Los aspirantes extranjeros que realizaron sus estudios en M\u00e9xico u otro pa\u00eds, y deseen ejercer la medicina y la t\u00e9cnica de transplante capilar en la Rep\u00fablica Mexicana, deben presentar la autorizaci\u00f3n del Instituto Nacional de Migraci\u00f3n para realizar actividades lucrativas, que ampare su legal estancia en el pa\u00eds en calidad migratoria que le autorice realizar actividades remuneradas, adem\u00e1s de su alta en la Secretar\u00eda de Hacienda y Cr\u00e9dito P\u00fablico.<\/p><\/li><li><p class=\"body\">Presentar ante el Consejo Directivo la documentaci\u00f3n siguiente:<\/p><\/li><\/ul><ol><li><p class=\"body\">Solicitud escrita dirigida al Presidente del Consejo Directivo<\/p><\/li><li><p class=\"body\">Curr\u00edculum Vitae<\/p><\/li><li><p class=\"body\">Copia del t\u00edtulo profesional de la carrera de medicina<\/p><\/li><li><p class=\"body\">Copia del diploma que avale diplomado, maestr\u00eda y\/o curso (s) en transplante capilar.<\/p><\/li><li><p class=\"body\">Carta de recomendaci\u00f3n firmada por un miembro titular de la Asociaci\u00f3n que avale la integridad moral, \u00e9tica y profesional del solicitante<\/p><\/li><li><p class=\"body\">Recibo de pago de la cuota anual<\/p><\/li><li><p class=\"body\">Dos fotograf\u00edas tama\u00f1o credencial.<\/p><\/li><\/ol>\t\t\t\t\t\t\t\t<\/div>\n\t\t\t\t<\/div>\n\t\t\t\t<\/div>\n\t\t\t\t\t<\/div>\n\t\t\t\t<\/div>\n\t\t<div class=\"elementor-element elementor-element-781d05a e-flex e-con-boxed e-con e-parent\" data-id=\"781d05a\" data-element_type=\"container\" data-e-type=\"container\">\n\t\t\t\t\t<div class=\"e-con-inner\">\n\t\t\t\t<div class=\"elementor-element elementor-element-32f8942 elementor-button-danger elementor-align-center elementor-widget elementor-widget-button\" data-id=\"32f8942\" data-element_type=\"widget\" data-e-type=\"widget\" data-widget_type=\"button.default\">\n\t\t\t\t<div class=\"elementor-widget-container\">\n\t\t\t\t\t\t\t\t\t<div class=\"elementor-button-wrapper\">\n\t\t\t\t\t<a class=\"elementor-button elementor-button-link elementor-size-sm\" href=\"https:\/\/asociacionmexicanatrasplantecabello.org\/?page_id=678\" target=\"_blank\">\n\t\t\t\t\t\t<span class=\"elementor-button-content-wrapper\">\n\t\t\t\t\t\t\t\t\t<span class=\"elementor-button-text\">FORMULARIO DE INGRESO<\/span>\n\t\t\t\t\t<\/span>\n\t\t\t\t\t<\/a>\n\t\t\t\t<\/div>\n\t\t\t\t\t\t\t\t<\/div>\n\t\t\t\t<\/div>\n\t\t\t\t\t<\/div>\n\t\t\t\t<\/div>\n\t\t<div class=\"elementor-element elementor-element-2e21094 e-flex e-con-boxed e-con e-parent\" data-id=\"2e21094\" data-element_type=\"container\" data-e-type=\"container\">\n\t\t\t\t\t<div class=\"e-con-inner\">\n\t\t\t\t<div class=\"elementor-element elementor-element-4895a01 elementor-widget-divider--view-line elementor-widget elementor-widget-divider\" data-id=\"4895a01\" data-element_type=\"widget\" data-e-type=\"widget\" data-widget_type=\"divider.default\">\n\t\t\t\t<div class=\"elementor-widget-container\">\n\t\t\t\t\t\t\t<div class=\"elementor-divider\">\n\t\t\t<span class=\"elementor-divider-separator\">\n\t\t\t\t\t\t<\/span>\n\t\t<\/div>\n\t\t\t\t\t\t<\/div>\n\t\t\t\t<\/div>\n\t\t\t\t\t<\/div>\n\t\t\t\t<\/div>\n\t\t\t\t<\/div>\n\t\t","protected":false},"excerpt":{"rendered":"<p>Hazte Socio Requisitos: Solicitud escrita dirigida al Presidente del Consejo Directivo Curr\u00edculum Vitae Copia del t\u00edtulo profesional de la carrera de medicina Copia del diploma que avale diplomado, maestr\u00eda y\/o curso (s) en transplante capilar. Carta de recomendaci\u00f3n firmada por un miembro titular de la Asociaci\u00f3n que avale la integridad [&hellip;]<\/p>\n","protected":false},"author":1,"featured_media":0,"parent":0,"menu_order":0,"comment_status":"closed","ping_status":"closed","template":"page-templates\/template-pagebuilder-full-width.php","meta":{"om_disable_all_campaigns":false,"footnotes":""},"class_list":["post-134","page","type-page","status-publish","hentry"],"aioseo_notices":[],"_links":{"self":[{"href":"https:\/\/asociacionmexicanatrasplantecabello.org\/index.php?rest_route=\/wp\/v2\/pages\/134","targetHints":{"allow":["GET"]}}],"collection":[{"href":"https:\/\/asociacionmexicanatrasplantecabello.org\/index.php?rest_route=\/wp\/v2\/pages"}],"about":[{"href":"https:\/\/asociacionmexicanatrasplantecabello.org\/index.php?rest_route=\/wp\/v2\/types\/page"}],"author":[{"embeddable":true,"href":"https:\/\/asociacionmexicanatrasplantecabello.org\/index.php?rest_route=\/wp\/v2\/users\/1"}],"replies":[{"embeddable":true,"href":"https:\/\/asociacionmexicanatrasplantecabello.org\/index.php?rest_route=%2Fwp%2Fv2%2Fcomments&post=134"}],"version-history":[{"count":25,"href":"https:\/\/asociacionmexicanatrasplantecabello.org\/index.php?rest_route=\/wp\/v2\/pages\/134\/revisions"}],"predecessor-version":[{"id":1518,"href":"https:\/\/asociacionmexicanatrasplantecabello.org\/index.php?rest_route=\/wp\/v2\/pages\/134\/revisions\/1518"}],"wp:attachment":[{"href":"https:\/\/asociacionmexicanatrasplantecabello.org\/index.php?rest_route=%2Fwp%2Fv2%2Fmedia&parent=134"}],"curies":[{"name":"wp","href":"https:\/\/api.w.org\/{rel}","templated":true}]}}