{"id":130,"date":"2023-11-06T21:05:00","date_gmt":"2023-11-06T21:05:00","guid":{"rendered":"https:\/\/asociacionmexicanatrasplantecabello.org\/?page_id=130"},"modified":"2023-12-07T01:39:40","modified_gmt":"2023-12-07T01:39:40","slug":"mision-y-valores","status":"publish","type":"page","link":"https:\/\/asociacionmexicanatrasplantecabello.org\/?page_id=130","title":{"rendered":"MISION Y VALORES"},"content":{"rendered":"\t\t<div data-elementor-type=\"wp-page\" data-elementor-id=\"130\" class=\"elementor elementor-130\">\n\t\t\t\t<div class=\"elementor-element elementor-element-01d5dcc e-flex e-con-boxed e-con e-parent\" data-id=\"01d5dcc\" data-element_type=\"container\" data-e-type=\"container\">\n\t\t\t\t\t<div class=\"e-con-inner\">\n\t\t\t\t<div class=\"elementor-element elementor-element-7879733 elementor-widget elementor-widget-heading\" data-id=\"7879733\" data-element_type=\"widget\" data-e-type=\"widget\" data-widget_type=\"heading.default\">\n\t\t\t\t<div class=\"elementor-widget-container\">\n\t\t\t\t\t<h2 class=\"elementor-heading-title elementor-size-default\">Misi\u00f3n<\/h2>\t\t\t\t<\/div>\n\t\t\t\t<\/div>\n\t\t\t\t\t<\/div>\n\t\t\t\t<\/div>\n\t\t<div class=\"elementor-element elementor-element-ef1cd1d e-flex e-con-boxed e-con e-parent\" data-id=\"ef1cd1d\" data-element_type=\"container\" data-e-type=\"container\">\n\t\t\t\t\t<div class=\"e-con-inner\">\n\t\t\t\t<div class=\"elementor-element elementor-element-52ef4c3 elementor-widget elementor-widget-text-editor\" data-id=\"52ef4c3\" data-element_type=\"widget\" data-e-type=\"widget\" data-widget_type=\"text-editor.default\">\n\t\t\t\t<div class=\"elementor-widget-container\">\n\t\t\t\t\t\t\t\t\t<div class=\"layout-element layout-element--layout layout-element transition transition--scale\" data-animation-state=\"active\"><div class=\"text-box layout-element__component layout-element__component--GridTextBox\" id=\"zndfWv\" data-qa=\"gridtextbox:zndfwv\"><h4><strong>La AMTC AC es una asociaci\u00f3n sin fines de lucro que tiene como objetivo preparar cient\u00edfica, t\u00e9cnica, cultural, \u00e9tica y socialmente a sus asociados m\u00e9dicos. Destacamos las facultades de nuestros asociados m\u00e9dicos hacia un ejercicio \u00e9tico, con un alto nivel acad\u00e9mico y con los avances cient\u00edficos del transplante capilar.<\/strong><\/h4><\/div><\/div><div class=\"layout-element layout-element--layout layout-element transition transition--scale\" data-animation-state=\"active\"><div class=\"text-box layout-element__component layout-element__component--GridTextBox\" id=\"zsVzFX\" data-qa=\"gridtextbox:zsvzfx\"><h4 class=\"body\"><strong>La AMTC AC proporciona la herramienta ideal a trav\u00e9s de la preparaci\u00f3n de cursos, conferencias, seminarios, congresos, publicaciones, etc\u00e9tera.<\/strong><\/h4><\/div><\/div>\t\t\t\t\t\t\t\t<\/div>\n\t\t\t\t<\/div>\n\t\t\t\t\t<\/div>\n\t\t\t\t<\/div>\n\t\t<div class=\"elementor-element elementor-element-46e7d7e e-flex e-con-boxed e-con e-parent\" data-id=\"46e7d7e\" data-element_type=\"container\" data-e-type=\"container\">\n\t\t\t\t\t<div class=\"e-con-inner\">\n\t\t\t\t<div class=\"elementor-element elementor-element-9ce7707 elementor-widget elementor-widget-image\" data-id=\"9ce7707\" data-element_type=\"widget\" data-e-type=\"widget\" data-widget_type=\"image.default\">\n\t\t\t\t<div class=\"elementor-widget-container\">\n\t\t\t\t\t\t\t\t\t\t\t\t\t\t\t<img fetchpriority=\"high\" decoding=\"async\" width=\"750\" height=\"431\" src=\"https:\/\/asociacionmexicanatrasplantecabello.org\/wp-content\/uploads\/2023\/11\/cropped-fue-sac-ekimi-hakkinda-1-768x441.jpg\" class=\"attachment-medium_large size-medium_large wp-image-486\" alt=\"\" srcset=\"https:\/\/asociacionmexicanatrasplantecabello.org\/wp-content\/uploads\/2023\/11\/cropped-fue-sac-ekimi-hakkinda-1-768x441.jpg 768w, https:\/\/asociacionmexicanatrasplantecabello.org\/wp-content\/uploads\/2023\/11\/cropped-fue-sac-ekimi-hakkinda-1-300x172.jpg 300w, https:\/\/asociacionmexicanatrasplantecabello.org\/wp-content\/uploads\/2023\/11\/cropped-fue-sac-ekimi-hakkinda-1-1024x588.jpg 1024w, https:\/\/asociacionmexicanatrasplantecabello.org\/wp-content\/uploads\/2023\/11\/cropped-fue-sac-ekimi-hakkinda-1-600x345.jpg 600w, https:\/\/asociacionmexicanatrasplantecabello.org\/wp-content\/uploads\/2023\/11\/cropped-fue-sac-ekimi-hakkinda-1.jpg 1499w\" sizes=\"(max-width: 750px) 100vw, 750px\" \/>\t\t\t\t\t\t\t\t\t\t\t\t\t\t\t<\/div>\n\t\t\t\t<\/div>\n\t\t\t\t\t<\/div>\n\t\t\t\t<\/div>\n\t\t<div class=\"elementor-element elementor-element-f6ce209 e-flex e-con-boxed e-con e-parent\" data-id=\"f6ce209\" data-element_type=\"container\" data-e-type=\"container\">\n\t\t\t\t\t<div class=\"e-con-inner\">\n\t\t\t\t<div class=\"elementor-element elementor-element-b1b2c74 elementor-widget elementor-widget-heading\" data-id=\"b1b2c74\" data-element_type=\"widget\" data-e-type=\"widget\" data-widget_type=\"heading.default\">\n\t\t\t\t<div class=\"elementor-widget-container\">\n\t\t\t\t\t<h2 class=\"elementor-heading-title elementor-size-default\">Valores<\/h2>\t\t\t\t<\/div>\n\t\t\t\t<\/div>\n\t\t\t\t\t<\/div>\n\t\t\t\t<\/div>\n\t\t<div class=\"elementor-element elementor-element-b288c9a e-flex e-con-boxed e-con e-parent\" data-id=\"b288c9a\" data-element_type=\"container\" data-e-type=\"container\">\n\t\t\t\t\t<div class=\"e-con-inner\">\n\t\t\t\t\t<\/div>\n\t\t\t\t<\/div>\n\t\t<div class=\"elementor-element elementor-element-09ec6e3 e-flex e-con-boxed e-con e-parent\" data-id=\"09ec6e3\" data-element_type=\"container\" data-e-type=\"container\">\n\t\t\t\t\t<div class=\"e-con-inner\">\n\t\t\t\t<div class=\"elementor-element elementor-element-ffc9e81 elementor-widget elementor-widget-text-editor\" data-id=\"ffc9e81\" data-element_type=\"widget\" data-e-type=\"widget\" data-widget_type=\"text-editor.default\">\n\t\t\t\t<div class=\"elementor-widget-container\">\n\t\t\t\t\t\t\t\t\t<div class=\"layout-element layout-element--layout layout-element transition transition--scale\" data-animation-state=\"active\"><h4 class=\"text-box layout-element__component layout-element__component--GridTextBox\" id=\"zndfWv\" data-qa=\"gridtextbox:zndfwv\"><strong>La AMTC AC es una asociaci\u00f3n nacional de educaci\u00f3n m\u00e9dica continua, con seguridad, honestidad, responsabilidad,<\/strong> <strong>compromiso social y \u00e9tica.<\/strong><\/h4><\/div>\t\t\t\t\t\t\t\t<\/div>\n\t\t\t\t<\/div>\n\t\t\t\t\t<\/div>\n\t\t\t\t<\/div>\n\t\t<div class=\"elementor-element elementor-element-c3438cd e-flex e-con-boxed e-con e-parent\" data-id=\"c3438cd\" data-element_type=\"container\" data-e-type=\"container\">\n\t\t\t\t\t<div class=\"e-con-inner\">\n\t\t\t\t<div class=\"elementor-element elementor-element-ec7d9ab elementor-widget elementor-widget-spacer\" data-id=\"ec7d9ab\" data-element_type=\"widget\" data-e-type=\"widget\" data-widget_type=\"spacer.default\">\n\t\t\t\t<div class=\"elementor-widget-container\">\n\t\t\t\t\t\t\t<div class=\"elementor-spacer\">\n\t\t\t<div class=\"elementor-spacer-inner\"><\/div>\n\t\t<\/div>\n\t\t\t\t\t\t<\/div>\n\t\t\t\t<\/div>\n\t\t\t\t<div class=\"elementor-element elementor-element-4c7a7b6 elementor-widget-divider--view-line elementor-widget elementor-widget-divider\" data-id=\"4c7a7b6\" data-element_type=\"widget\" data-e-type=\"widget\" data-widget_type=\"divider.default\">\n\t\t\t\t<div class=\"elementor-widget-container\">\n\t\t\t\t\t\t\t<div class=\"elementor-divider\">\n\t\t\t<span class=\"elementor-divider-separator\">\n\t\t\t\t\t\t<\/span>\n\t\t<\/div>\n\t\t\t\t\t\t<\/div>\n\t\t\t\t<\/div>\n\t\t\t\t\t<\/div>\n\t\t\t\t<\/div>\n\t\t<div class=\"elementor-element elementor-element-f1475df e-flex e-con-boxed e-con e-parent\" data-id=\"f1475df\" data-element_type=\"container\" data-e-type=\"container\">\n\t\t\t\t\t<div class=\"e-con-inner\">\n\t\t\t\t\t<\/div>\n\t\t\t\t<\/div>\n\t\t\t\t<\/div>\n\t\t","protected":false},"excerpt":{"rendered":"<p>Misi\u00f3n La AMTC AC es una asociaci\u00f3n sin fines de lucro que tiene como objetivo preparar cient\u00edfica, t\u00e9cnica, cultural, \u00e9tica y socialmente a sus asociados m\u00e9dicos. Destacamos las facultades de nuestros asociados m\u00e9dicos hacia un ejercicio \u00e9tico, con un alto nivel acad\u00e9mico y con los avances cient\u00edficos del transplante capilar. [&hellip;]<\/p>\n","protected":false},"author":1,"featured_media":0,"parent":0,"menu_order":0,"comment_status":"closed","ping_status":"closed","template":"page-templates\/template-pagebuilder-full-width.php","meta":{"om_disable_all_campaigns":false,"footnotes":""},"class_list":["post-130","page","type-page","status-publish","hentry"],"aioseo_notices":[],"_links":{"self":[{"href":"https:\/\/asociacionmexicanatrasplantecabello.org\/index.php?rest_route=\/wp\/v2\/pages\/130","targetHints":{"allow":["GET"]}}],"collection":[{"href":"https:\/\/asociacionmexicanatrasplantecabello.org\/index.php?rest_route=\/wp\/v2\/pages"}],"about":[{"href":"https:\/\/asociacionmexicanatrasplantecabello.org\/index.php?rest_route=\/wp\/v2\/types\/page"}],"author":[{"embeddable":true,"href":"https:\/\/asociacionmexicanatrasplantecabello.org\/index.php?rest_route=\/wp\/v2\/users\/1"}],"replies":[{"embeddable":true,"href":"https:\/\/asociacionmexicanatrasplantecabello.org\/index.php?rest_route=%2Fwp%2Fv2%2Fcomments&post=130"}],"version-history":[{"count":31,"href":"https:\/\/asociacionmexicanatrasplantecabello.org\/index.php?rest_route=\/wp\/v2\/pages\/130\/revisions"}],"predecessor-version":[{"id":1006,"href":"https:\/\/asociacionmexicanatrasplantecabello.org\/index.php?rest_route=\/wp\/v2\/pages\/130\/revisions\/1006"}],"wp:attachment":[{"href":"https:\/\/asociacionmexicanatrasplantecabello.org\/index.php?rest_route=%2Fwp%2Fv2%2Fmedia&parent=130"}],"curies":[{"name":"wp","href":"https:\/\/api.w.org\/{rel}","templated":true}]}}