{"id":110,"date":"2023-11-06T20:57:00","date_gmt":"2023-11-06T20:57:00","guid":{"rendered":"https:\/\/asociacionmexicanatrasplantecabello.org\/?page_id=110"},"modified":"2023-11-08T19:33:33","modified_gmt":"2023-11-08T19:33:33","slug":"participacion-y-avales","status":"publish","type":"page","link":"https:\/\/asociacionmexicanatrasplantecabello.org\/?page_id=110","title":{"rendered":"PARTICIPACI\u00d3N Y AVALES"},"content":{"rendered":"\t\t<div data-elementor-type=\"wp-page\" data-elementor-id=\"110\" class=\"elementor elementor-110\">\n\t\t\t\t<div class=\"elementor-element elementor-element-78748ce e-flex e-con-boxed e-con e-parent\" data-id=\"78748ce\" data-element_type=\"container\" data-e-type=\"container\">\n\t\t\t\t\t<div class=\"e-con-inner\">\n\t\t\t\t<div class=\"elementor-element elementor-element-a2db618 elementor-widget-divider--view-line elementor-widget elementor-widget-divider\" data-id=\"a2db618\" data-element_type=\"widget\" data-e-type=\"widget\" data-widget_type=\"divider.default\">\n\t\t\t\t<div class=\"elementor-widget-container\">\n\t\t\t\t\t\t\t<div class=\"elementor-divider\">\n\t\t\t<span class=\"elementor-divider-separator\">\n\t\t\t\t\t\t<\/span>\n\t\t<\/div>\n\t\t\t\t\t\t<\/div>\n\t\t\t\t<\/div>\n\t\t\t\t\t<\/div>\n\t\t\t\t<\/div>\n\t\t<div class=\"elementor-element elementor-element-0c9da7a e-transform e-flex e-con-boxed e-con e-parent\" data-id=\"0c9da7a\" data-element_type=\"container\" data-e-type=\"container\" data-settings=\"{&quot;background_background&quot;:&quot;classic&quot;,&quot;_transform_flipX_effect&quot;:&quot;transform&quot;}\">\n\t\t\t\t\t<div class=\"e-con-inner\">\n\t\t<div class=\"elementor-element elementor-element-8964ea4 e-con-full e-flex e-con e-child\" data-id=\"8964ea4\" data-element_type=\"container\" data-e-type=\"container\">\n\t\t\t\t<div class=\"elementor-element elementor-element-e23791a elementor-widget elementor-widget-image\" data-id=\"e23791a\" data-element_type=\"widget\" data-e-type=\"widget\" data-widget_type=\"image.default\">\n\t\t\t\t<div class=\"elementor-widget-container\">\n\t\t\t\t\t\t\t\t\t\t\t\t\t\t\t<img fetchpriority=\"high\" decoding=\"async\" width=\"750\" height=\"563\" src=\"https:\/\/asociacionmexicanatrasplantecabello.org\/wp-content\/uploads\/2023\/11\/microinjerto-capilar-fue-1-1024x768.webp\" class=\"attachment-large size-large wp-image-361\" alt=\"\" srcset=\"https:\/\/asociacionmexicanatrasplantecabello.org\/wp-content\/uploads\/2023\/11\/microinjerto-capilar-fue-1-1024x768.webp 1024w, https:\/\/asociacionmexicanatrasplantecabello.org\/wp-content\/uploads\/2023\/11\/microinjerto-capilar-fue-1-300x225.webp 300w, https:\/\/asociacionmexicanatrasplantecabello.org\/wp-content\/uploads\/2023\/11\/microinjerto-capilar-fue-1-768x576.webp 768w, https:\/\/asociacionmexicanatrasplantecabello.org\/wp-content\/uploads\/2023\/11\/microinjerto-capilar-fue-1-600x450.webp 600w, https:\/\/asociacionmexicanatrasplantecabello.org\/wp-content\/uploads\/2023\/11\/microinjerto-capilar-fue-1.webp 1066w\" sizes=\"(max-width: 750px) 100vw, 750px\" \/>\t\t\t\t\t\t\t\t\t\t\t\t\t\t\t<\/div>\n\t\t\t\t<\/div>\n\t\t\t\t<\/div>\n\t\t<div class=\"elementor-element elementor-element-5c4f01b e-con-full e-flex e-con e-child\" data-id=\"5c4f01b\" data-element_type=\"container\" data-e-type=\"container\">\n\t\t<div class=\"elementor-element elementor-element-6eb7cb7 e-flex e-con-boxed e-con e-child\" data-id=\"6eb7cb7\" data-element_type=\"container\" data-e-type=\"container\">\n\t\t\t\t\t<div class=\"e-con-inner\">\n\t\t\t\t<div class=\"elementor-element elementor-element-50636ec e-transform elementor-widget elementor-widget-heading\" data-id=\"50636ec\" data-element_type=\"widget\" data-e-type=\"widget\" data-settings=\"{&quot;_transform_flipX_effect&quot;:&quot;transform&quot;}\" data-widget_type=\"heading.default\">\n\t\t\t\t<div class=\"elementor-widget-container\">\n\t\t\t\t\t<h2 class=\"elementor-heading-title elementor-size-default\">Participaciones<\/h2>\t\t\t\t<\/div>\n\t\t\t\t<\/div>\n\t\t\t\t\t<\/div>\n\t\t\t\t<\/div>\n\t\t<div class=\"elementor-element elementor-element-65fec6a e-flex e-con-boxed e-con e-child\" data-id=\"65fec6a\" data-element_type=\"container\" data-e-type=\"container\">\n\t\t\t\t\t<div class=\"e-con-inner\">\n\t\t\t\t<div class=\"elementor-element elementor-element-b1d8433 e-transform elementor-widget elementor-widget-text-editor\" data-id=\"b1d8433\" data-element_type=\"widget\" data-e-type=\"widget\" data-settings=\"{&quot;_transform_flipX_effect&quot;:&quot;transform&quot;}\" data-widget_type=\"text-editor.default\">\n\t\t\t\t<div class=\"elementor-widget-container\">\n\t\t\t\t\t\t\t\t\t<p class=\"body\">Valoramos la participaci\u00f3n de la industria farmac\u00e9utica y de empresas relacionadas con materiales y servicios de salud en los eventos acad\u00e9micos programados. La manera en que puede participar es muy variada.<\/p><ul><li><p class=\"body\">Participaci\u00f3n como expositor comercial<\/p><\/li><li><p class=\"body\">Patrocinio de curso, taller o simposio<\/p><\/li><li><p class=\"body\">Patrocinio de evento<\/p><\/li><li><p class=\"body\">Patrocinio de proyectos editoriales u otros de educaci\u00f3n m\u00e9dica continua<\/p><\/li><\/ul><p class=\"body\"><span>El <strong>Congreso Mexicano de Transplante Capilar<\/strong> se celebra cada a\u00f1o y es la reuni\u00f3n de especialistas en el \u00e1rea de mayor relevancia en nuestro pa\u00eds gracias a la participaci\u00f3n de destacados especialistas, que edici\u00f3n tras edici\u00f3n, han elevado los contenidos de los programas acad\u00e9micos, la reputaci\u00f3n del evento ha incrementado la asistencia de congresistas nacionales e internacionales.<\/span><\/p><p class=\"body\"><span><strong>Si est\u00e1 interesado en que la empresa que representa participe en la exposici\u00f3n comercial, p\u00f3ngase en contacto con nosotros a trav\u00e9s de nuestros tel\u00e9fonos o correo electr\u00f3nico, ubicados en el pie de p\u00e1gina.<\/strong><\/span><\/p>\t\t\t\t\t\t\t\t<\/div>\n\t\t\t\t<\/div>\n\t\t\t\t\t<\/div>\n\t\t\t\t<\/div>\n\t\t\t\t<\/div>\n\t\t\t\t\t<\/div>\n\t\t\t\t<\/div>\n\t\t<div class=\"elementor-element elementor-element-f811114 e-flex e-con-boxed e-con e-parent\" data-id=\"f811114\" data-element_type=\"container\" data-e-type=\"container\" data-settings=\"{&quot;background_background&quot;:&quot;classic&quot;}\">\n\t\t\t\t\t<div class=\"e-con-inner\">\n\t\t<div class=\"elementor-element elementor-element-f0bf3d1 e-con-full e-flex e-con e-child\" data-id=\"f0bf3d1\" data-element_type=\"container\" data-e-type=\"container\">\n\t\t\t\t<div class=\"elementor-element elementor-element-0f281d8 elementor-widget elementor-widget-image\" data-id=\"0f281d8\" data-element_type=\"widget\" data-e-type=\"widget\" data-widget_type=\"image.default\">\n\t\t\t\t<div class=\"elementor-widget-container\">\n\t\t\t\t\t\t\t\t\t\t\t\t\t\t\t<img decoding=\"async\" width=\"750\" height=\"450\" src=\"https:\/\/asociacionmexicanatrasplantecabello.org\/wp-content\/uploads\/2023\/11\/fue-sac-ekimi-hakkinda-1-1024x614.jpg\" class=\"attachment-large size-large wp-image-31\" alt=\"\" srcset=\"https:\/\/asociacionmexicanatrasplantecabello.org\/wp-content\/uploads\/2023\/11\/fue-sac-ekimi-hakkinda-1-1024x614.jpg 1024w, https:\/\/asociacionmexicanatrasplantecabello.org\/wp-content\/uploads\/2023\/11\/fue-sac-ekimi-hakkinda-1-600x360.jpg 600w, https:\/\/asociacionmexicanatrasplantecabello.org\/wp-content\/uploads\/2023\/11\/fue-sac-ekimi-hakkinda-1-300x180.jpg 300w, https:\/\/asociacionmexicanatrasplantecabello.org\/wp-content\/uploads\/2023\/11\/fue-sac-ekimi-hakkinda-1-768x460.jpg 768w, https:\/\/asociacionmexicanatrasplantecabello.org\/wp-content\/uploads\/2023\/11\/fue-sac-ekimi-hakkinda-1.jpg 1500w\" sizes=\"(max-width: 750px) 100vw, 750px\" \/>\t\t\t\t\t\t\t\t\t\t\t\t\t\t\t<\/div>\n\t\t\t\t<\/div>\n\t\t\t\t<\/div>\n\t\t<div class=\"elementor-element elementor-element-f8580fe e-con-full e-flex e-con e-child\" data-id=\"f8580fe\" data-element_type=\"container\" data-e-type=\"container\">\n\t\t<div class=\"elementor-element elementor-element-7ae3e4e e-flex e-con-boxed e-con e-child\" data-id=\"7ae3e4e\" data-element_type=\"container\" data-e-type=\"container\">\n\t\t\t\t\t<div class=\"e-con-inner\">\n\t\t\t\t<div class=\"elementor-element elementor-element-c6a972a elementor-widget elementor-widget-heading\" data-id=\"c6a972a\" data-element_type=\"widget\" data-e-type=\"widget\" data-widget_type=\"heading.default\">\n\t\t\t\t<div class=\"elementor-widget-container\">\n\t\t\t\t\t<h2 class=\"elementor-heading-title elementor-size-default\">Avales<\/h2>\t\t\t\t<\/div>\n\t\t\t\t<\/div>\n\t\t\t\t\t<\/div>\n\t\t\t\t<\/div>\n\t\t<div class=\"elementor-element elementor-element-f87a72f e-flex e-con-boxed e-con e-child\" data-id=\"f87a72f\" data-element_type=\"container\" data-e-type=\"container\">\n\t\t\t\t\t<div class=\"e-con-inner\">\n\t\t\t\t<div class=\"elementor-element elementor-element-d62bdcb elementor-widget elementor-widget-text-editor\" data-id=\"d62bdcb\" data-element_type=\"widget\" data-e-type=\"widget\" data-widget_type=\"text-editor.default\">\n\t\t\t\t<div class=\"elementor-widget-container\">\n\t\t\t\t\t\t\t\t\t<p>La AMTC AC cuenta con la capacidad de avalar procedimientos, productos y equipos de tratamiento m\u00e9dico de eficacia probada para tranquilidad de m\u00e9dicos y pacientes.<\/p><p>La AMTC AC puede advertir de tratamientos, productos o equipos que causen da\u00f1os a la salud p\u00fablica.<\/p><p>Cont\u00e1ctanos por los medios al pie de esta p\u00e1gina para mayor informaci\u00f3n.<\/p>\t\t\t\t\t\t\t\t<\/div>\n\t\t\t\t<\/div>\n\t\t\t\t\t<\/div>\n\t\t\t\t<\/div>\n\t\t\t\t<\/div>\n\t\t\t\t\t<\/div>\n\t\t\t\t<\/div>\n\t\t<div class=\"elementor-element elementor-element-961f284 e-flex e-con-boxed e-con e-parent\" data-id=\"961f284\" data-element_type=\"container\" data-e-type=\"container\">\n\t\t\t\t\t<div class=\"e-con-inner\">\n\t\t\t\t<div class=\"elementor-element elementor-element-fc39c68 elementor-widget-divider--view-line elementor-widget elementor-widget-divider\" data-id=\"fc39c68\" data-element_type=\"widget\" data-e-type=\"widget\" data-widget_type=\"divider.default\">\n\t\t\t\t<div class=\"elementor-widget-container\">\n\t\t\t\t\t\t\t<div class=\"elementor-divider\">\n\t\t\t<span class=\"elementor-divider-separator\">\n\t\t\t\t\t\t<\/span>\n\t\t<\/div>\n\t\t\t\t\t\t<\/div>\n\t\t\t\t<\/div>\n\t\t\t\t\t<\/div>\n\t\t\t\t<\/div>\n\t\t\t\t<\/div>\n\t\t","protected":false},"excerpt":{"rendered":"<p>Participaciones Valoramos la participaci\u00f3n de la industria farmac\u00e9utica y de empresas relacionadas con materiales y servicios de salud en los eventos acad\u00e9micos programados. La manera en que puede participar es muy variada. Participaci\u00f3n como expositor comercial Patrocinio de curso, taller o simposio Patrocinio de evento Patrocinio de proyectos editoriales u [&hellip;]<\/p>\n","protected":false},"author":1,"featured_media":0,"parent":0,"menu_order":0,"comment_status":"closed","ping_status":"closed","template":"page-templates\/template-pagebuilder-full-width.php","meta":{"om_disable_all_campaigns":false,"footnotes":""},"class_list":["post-110","page","type-page","status-publish","hentry"],"aioseo_notices":[],"_links":{"self":[{"href":"https:\/\/asociacionmexicanatrasplantecabello.org\/index.php?rest_route=\/wp\/v2\/pages\/110","targetHints":{"allow":["GET"]}}],"collection":[{"href":"https:\/\/asociacionmexicanatrasplantecabello.org\/index.php?rest_route=\/wp\/v2\/pages"}],"about":[{"href":"https:\/\/asociacionmexicanatrasplantecabello.org\/index.php?rest_route=\/wp\/v2\/types\/page"}],"author":[{"embeddable":true,"href":"https:\/\/asociacionmexicanatrasplantecabello.org\/index.php?rest_route=\/wp\/v2\/users\/1"}],"replies":[{"embeddable":true,"href":"https:\/\/asociacionmexicanatrasplantecabello.org\/index.php?rest_route=%2Fwp%2Fv2%2Fcomments&post=110"}],"version-history":[{"count":7,"href":"https:\/\/asociacionmexicanatrasplantecabello.org\/index.php?rest_route=\/wp\/v2\/pages\/110\/revisions"}],"predecessor-version":[{"id":594,"href":"https:\/\/asociacionmexicanatrasplantecabello.org\/index.php?rest_route=\/wp\/v2\/pages\/110\/revisions\/594"}],"wp:attachment":[{"href":"https:\/\/asociacionmexicanatrasplantecabello.org\/index.php?rest_route=%2Fwp%2Fv2%2Fmedia&parent=110"}],"curies":[{"name":"wp","href":"https:\/\/api.w.org\/{rel}","templated":true}]}}