{"id":109,"date":"2023-11-06T20:57:00","date_gmt":"2023-11-06T20:57:00","guid":{"rendered":"https:\/\/asociacionmexicanatrasplantecabello.org\/?page_id=109"},"modified":"2025-11-12T23:55:34","modified_gmt":"2025-11-12T23:55:34","slug":"mesa-directiva","status":"publish","type":"page","link":"https:\/\/asociacionmexicanatrasplantecabello.org\/?page_id=109","title":{"rendered":"Mesa directiva"},"content":{"rendered":"\t\t<div data-elementor-type=\"wp-page\" data-elementor-id=\"109\" class=\"elementor elementor-109\">\n\t\t\t\t<div class=\"elementor-element elementor-element-092b722 e-flex e-con-boxed e-con e-parent\" data-id=\"092b722\" data-element_type=\"container\" data-e-type=\"container\">\n\t\t\t\t\t<div class=\"e-con-inner\">\n\t\t\t\t<div class=\"elementor-element elementor-element-4e2955c elementor-widget-divider--view-line elementor-widget elementor-widget-divider\" data-id=\"4e2955c\" data-element_type=\"widget\" data-e-type=\"widget\" data-widget_type=\"divider.default\">\n\t\t\t\t<div class=\"elementor-widget-container\">\n\t\t\t\t\t\t\t<div class=\"elementor-divider\">\n\t\t\t<span class=\"elementor-divider-separator\">\n\t\t\t\t\t\t<\/span>\n\t\t<\/div>\n\t\t\t\t\t\t<\/div>\n\t\t\t\t<\/div>\n\t\t\t\t\t<\/div>\n\t\t\t\t<\/div>\n\t\t<div class=\"elementor-element elementor-element-bfd36a8 e-flex e-con-boxed e-con e-parent\" data-id=\"bfd36a8\" data-element_type=\"container\" data-e-type=\"container\">\n\t\t\t\t\t<div class=\"e-con-inner\">\n\t\t\t\t<div class=\"elementor-element elementor-element-ef4655c elementor-widget elementor-widget-heading\" data-id=\"ef4655c\" data-element_type=\"widget\" data-e-type=\"widget\" data-widget_type=\"heading.default\">\n\t\t\t\t<div class=\"elementor-widget-container\">\n\t\t\t\t\t<h2 class=\"elementor-heading-title elementor-size-xxl\">Mesa directiva<\/h2>\t\t\t\t<\/div>\n\t\t\t\t<\/div>\n\t\t\t\t\t<\/div>\n\t\t\t\t<\/div>\n\t\t<div class=\"elementor-element elementor-element-e328ca2 e-flex e-con-boxed e-con e-parent\" data-id=\"e328ca2\" data-element_type=\"container\" data-e-type=\"container\">\n\t\t\t\t\t<div class=\"e-con-inner\">\n\t\t\t\t<div class=\"elementor-element elementor-element-df2896f elementor-widget elementor-widget-spacer\" data-id=\"df2896f\" data-element_type=\"widget\" data-e-type=\"widget\" data-widget_type=\"spacer.default\">\n\t\t\t\t<div class=\"elementor-widget-container\">\n\t\t\t\t\t\t\t<div class=\"elementor-spacer\">\n\t\t\t<div class=\"elementor-spacer-inner\"><\/div>\n\t\t<\/div>\n\t\t\t\t\t\t<\/div>\n\t\t\t\t<\/div>\n\t\t\t\t\t<\/div>\n\t\t\t\t<\/div>\n\t\t<div class=\"elementor-element elementor-element-105a437 e-flex e-con-boxed e-con e-parent\" data-id=\"105a437\" data-element_type=\"container\" data-e-type=\"container\">\n\t\t\t\t\t<div class=\"e-con-inner\">\n\t\t\t\t<div class=\"elementor-element elementor-element-b0b8e14 elementor-tabs-view-horizontal elementor-widget elementor-widget-tabs\" data-id=\"b0b8e14\" data-element_type=\"widget\" data-e-type=\"widget\" data-widget_type=\"tabs.default\">\n\t\t\t\t<div class=\"elementor-widget-container\">\n\t\t\t\t\t\t\t<div class=\"elementor-tabs\">\n\t\t\t<div class=\"elementor-tabs-wrapper\" role=\"tablist\" >\n\t\t\t\t\t\t\t\t\t<div id=\"elementor-tab-title-1851\" class=\"elementor-tab-title elementor-tab-desktop-title\" aria-selected=\"true\" data-tab=\"1\" role=\"tab\" tabindex=\"0\" aria-controls=\"elementor-tab-content-1851\" aria-expanded=\"false\">PRESIDENTA<\/div>\n\t\t\t\t\t\t\t\t\t<div id=\"elementor-tab-title-1852\" class=\"elementor-tab-title elementor-tab-desktop-title\" aria-selected=\"false\" data-tab=\"2\" role=\"tab\" tabindex=\"-1\" aria-controls=\"elementor-tab-content-1852\" aria-expanded=\"false\">VICEPRESIDENTE<\/div>\n\t\t\t\t\t\t\t\t\t<div id=\"elementor-tab-title-1853\" class=\"elementor-tab-title elementor-tab-desktop-title\" aria-selected=\"false\" data-tab=\"3\" role=\"tab\" tabindex=\"-1\" aria-controls=\"elementor-tab-content-1853\" aria-expanded=\"false\">DIRECTOR ACAD\u00c9MICO<\/div>\n\t\t\t\t\t\t\t\t\t<div id=\"elementor-tab-title-1854\" class=\"elementor-tab-title elementor-tab-desktop-title\" aria-selected=\"false\" data-tab=\"4\" role=\"tab\" tabindex=\"-1\" aria-controls=\"elementor-tab-content-1854\" aria-expanded=\"false\">SECRETARIA GENERAL<\/div>\n\t\t\t\t\t\t\t\t\t<div id=\"elementor-tab-title-1855\" class=\"elementor-tab-title elementor-tab-desktop-title\" aria-selected=\"false\" data-tab=\"5\" role=\"tab\" tabindex=\"-1\" aria-controls=\"elementor-tab-content-1855\" aria-expanded=\"false\"> DIR.VINCULACI\u00d3N INTERNACIONAL<\/div>\n\t\t\t\t\t\t\t<\/div>\n\t\t\t<div class=\"elementor-tabs-content-wrapper\" role=\"tablist\" aria-orientation=\"vertical\">\n\t\t\t\t\t\t\t\t\t<div class=\"elementor-tab-title elementor-tab-mobile-title\" aria-selected=\"true\" data-tab=\"1\" role=\"tab\" tabindex=\"0\" aria-controls=\"elementor-tab-content-1851\" aria-expanded=\"false\">PRESIDENTA<\/div>\n\t\t\t\t\t<div id=\"elementor-tab-content-1851\" class=\"elementor-tab-content elementor-clearfix\" data-tab=\"1\" role=\"tabpanel\" aria-labelledby=\"elementor-tab-title-1851\" tabindex=\"0\" hidden=\"false\"><p><img fetchpriority=\"high\" decoding=\"async\" src=\"http:\/\/asociacionmexicanatrasplantecabello.org\/wp-content\/uploads\/2025\/02\/IMG_9422-300x200.jpg\" alt=\"\" width=\"300\" height=\"200\" class=\"alignnone wp-image-1333 size-medium\" srcset=\"https:\/\/asociacionmexicanatrasplantecabello.org\/wp-content\/uploads\/2025\/02\/IMG_9422-300x200.jpg 300w, https:\/\/asociacionmexicanatrasplantecabello.org\/wp-content\/uploads\/2025\/02\/IMG_9422-360x240.jpg 360w, https:\/\/asociacionmexicanatrasplantecabello.org\/wp-content\/uploads\/2025\/02\/IMG_9422.jpg 660w\" sizes=\"(max-width: 300px) 100vw, 300px\" \/><\/p><h1><strong>Dra. Jetzabel Ortiz<\/strong> <strong>Hern\u00e1ndez<\/strong><\/h1><\/div>\n\t\t\t\t\t\t\t\t\t<div class=\"elementor-tab-title elementor-tab-mobile-title\" aria-selected=\"false\" data-tab=\"2\" role=\"tab\" tabindex=\"-1\" aria-controls=\"elementor-tab-content-1852\" aria-expanded=\"false\">VICEPRESIDENTE<\/div>\n\t\t\t\t\t<div id=\"elementor-tab-content-1852\" class=\"elementor-tab-content elementor-clearfix\" data-tab=\"2\" role=\"tabpanel\" aria-labelledby=\"elementor-tab-title-1852\" tabindex=\"0\" hidden=\"hidden\"><h1><img decoding=\"async\" src=\"http:\/\/asociacionmexicanatrasplantecabello.org\/wp-content\/uploads\/2024\/03\/PHOTO-2024-03-14-15-47-44-268x300.jpg\" alt=\"\" width=\"268\" height=\"300\" class=\"alignnone size-medium wp-image-1176\" srcset=\"https:\/\/asociacionmexicanatrasplantecabello.org\/wp-content\/uploads\/2024\/03\/PHOTO-2024-03-14-15-47-44-268x300.jpg 268w, https:\/\/asociacionmexicanatrasplantecabello.org\/wp-content\/uploads\/2024\/03\/PHOTO-2024-03-14-15-47-44-915x1024.jpg 915w, https:\/\/asociacionmexicanatrasplantecabello.org\/wp-content\/uploads\/2024\/03\/PHOTO-2024-03-14-15-47-44-768x859.jpg 768w, https:\/\/asociacionmexicanatrasplantecabello.org\/wp-content\/uploads\/2024\/03\/PHOTO-2024-03-14-15-47-44-1373x1536.jpg 1373w, https:\/\/asociacionmexicanatrasplantecabello.org\/wp-content\/uploads\/2024\/03\/PHOTO-2024-03-14-15-47-44.jpg 1430w\" sizes=\"(max-width: 268px) 100vw, 268px\" \/><\/h1><h1>Dr. Alexis G\u00f3mez Reyes.<\/h1><\/div>\n\t\t\t\t\t\t\t\t\t<div class=\"elementor-tab-title elementor-tab-mobile-title\" aria-selected=\"false\" data-tab=\"3\" role=\"tab\" tabindex=\"-1\" aria-controls=\"elementor-tab-content-1853\" aria-expanded=\"false\">DIRECTOR ACAD\u00c9MICO<\/div>\n\t\t\t\t\t<div id=\"elementor-tab-content-1853\" class=\"elementor-tab-content elementor-clearfix\" data-tab=\"3\" role=\"tabpanel\" aria-labelledby=\"elementor-tab-title-1853\" tabindex=\"0\" hidden=\"hidden\"><div id=\"attachment_91\" style=\"width: 310px\" class=\"wp-caption alignnone\"><img decoding=\"async\" aria-describedby=\"caption-attachment-91\" src=\"http:\/\/asociacionmexicanatrasplantecabello.org\/wp-content\/uploads\/2023\/11\/cropped-cropped-PHOTO-2023-02-23-11-56-17-300x300.jpg\" alt=\"\" width=\"300\" height=\"300\" class=\"wp-image-91 size-medium\" srcset=\"https:\/\/asociacionmexicanatrasplantecabello.org\/wp-content\/uploads\/2023\/11\/cropped-cropped-PHOTO-2023-02-23-11-56-17-300x300.jpg 300w, https:\/\/asociacionmexicanatrasplantecabello.org\/wp-content\/uploads\/2023\/11\/cropped-cropped-PHOTO-2023-02-23-11-56-17-150x150.jpg 150w, https:\/\/asociacionmexicanatrasplantecabello.org\/wp-content\/uploads\/2023\/11\/cropped-cropped-PHOTO-2023-02-23-11-56-17-160x160.jpg 160w, https:\/\/asociacionmexicanatrasplantecabello.org\/wp-content\/uploads\/2023\/11\/cropped-cropped-PHOTO-2023-02-23-11-56-17-270x270.jpg 270w, https:\/\/asociacionmexicanatrasplantecabello.org\/wp-content\/uploads\/2023\/11\/cropped-cropped-PHOTO-2023-02-23-11-56-17-192x192.jpg 192w, https:\/\/asociacionmexicanatrasplantecabello.org\/wp-content\/uploads\/2023\/11\/cropped-cropped-PHOTO-2023-02-23-11-56-17-180x180.jpg 180w, https:\/\/asociacionmexicanatrasplantecabello.org\/wp-content\/uploads\/2023\/11\/cropped-cropped-PHOTO-2023-02-23-11-56-17-32x32.jpg 32w, https:\/\/asociacionmexicanatrasplantecabello.org\/wp-content\/uploads\/2023\/11\/cropped-cropped-PHOTO-2023-02-23-11-56-17.jpg 512w\" sizes=\"(max-width: 300px) 100vw, 300px\" \/><p id=\"caption-attachment-91\" class=\"wp-caption-text\">DR Erick<\/p><\/div>\n<h1><strong>Dr. Humberto de la Cruz Baltazar.<\/strong><\/h1><\/div>\n\t\t\t\t\t\t\t\t\t<div class=\"elementor-tab-title elementor-tab-mobile-title\" aria-selected=\"false\" data-tab=\"4\" role=\"tab\" tabindex=\"-1\" aria-controls=\"elementor-tab-content-1854\" aria-expanded=\"false\">SECRETARIA GENERAL<\/div>\n\t\t\t\t\t<div id=\"elementor-tab-content-1854\" class=\"elementor-tab-content elementor-clearfix\" data-tab=\"4\" role=\"tabpanel\" aria-labelledby=\"elementor-tab-title-1854\" tabindex=\"0\" hidden=\"hidden\"><p><img loading=\"lazy\" decoding=\"async\" src=\"http:\/\/asociacionmexicanatrasplantecabello.org\/wp-content\/uploads\/2023\/11\/d51ed6f8-3fba-4e88-93a6-0e4cb4710322-225x300.jpeg\" alt=\"\" width=\"225\" height=\"300\" class=\"size-medium wp-image-251\" srcset=\"https:\/\/asociacionmexicanatrasplantecabello.org\/wp-content\/uploads\/2023\/11\/d51ed6f8-3fba-4e88-93a6-0e4cb4710322-225x300.jpeg 225w, https:\/\/asociacionmexicanatrasplantecabello.org\/wp-content\/uploads\/2023\/11\/d51ed6f8-3fba-4e88-93a6-0e4cb4710322-768x1024.jpeg 768w, https:\/\/asociacionmexicanatrasplantecabello.org\/wp-content\/uploads\/2023\/11\/d51ed6f8-3fba-4e88-93a6-0e4cb4710322-1152x1536.jpeg 1152w, https:\/\/asociacionmexicanatrasplantecabello.org\/wp-content\/uploads\/2023\/11\/d51ed6f8-3fba-4e88-93a6-0e4cb4710322-600x800.jpeg 600w, https:\/\/asociacionmexicanatrasplantecabello.org\/wp-content\/uploads\/2023\/11\/d51ed6f8-3fba-4e88-93a6-0e4cb4710322.jpeg 1200w\" sizes=\"(max-width: 225px) 100vw, 225px\" \/><\/p><h1><strong>Dra. Yunuen S. Valdez<\/strong><\/h1><\/div>\n\t\t\t\t\t\t\t\t\t<div class=\"elementor-tab-title elementor-tab-mobile-title\" aria-selected=\"false\" data-tab=\"5\" role=\"tab\" tabindex=\"-1\" aria-controls=\"elementor-tab-content-1855\" aria-expanded=\"false\"> DIR.VINCULACI\u00d3N INTERNACIONAL<\/div>\n\t\t\t\t\t<div id=\"elementor-tab-content-1855\" class=\"elementor-tab-content elementor-clearfix\" data-tab=\"5\" role=\"tabpanel\" aria-labelledby=\"elementor-tab-title-1855\" tabindex=\"0\" hidden=\"hidden\"><p><img loading=\"lazy\" decoding=\"async\" src=\"http:\/\/asociacionmexicanatrasplantecabello.org\/wp-content\/uploads\/2023\/11\/PHOTO-2023-02-23-11-56-17-300x284.jpg\" alt=\"\" width=\"300\" height=\"284\" class=\"alignnone wp-image-87 size-medium\" srcset=\"https:\/\/asociacionmexicanatrasplantecabello.org\/wp-content\/uploads\/2023\/11\/PHOTO-2023-02-23-11-56-17-300x284.jpg 300w, https:\/\/asociacionmexicanatrasplantecabello.org\/wp-content\/uploads\/2023\/11\/PHOTO-2023-02-23-11-56-17-600x567.jpg 600w, https:\/\/asociacionmexicanatrasplantecabello.org\/wp-content\/uploads\/2023\/11\/PHOTO-2023-02-23-11-56-17-768x726.jpg 768w, https:\/\/asociacionmexicanatrasplantecabello.org\/wp-content\/uploads\/2023\/11\/PHOTO-2023-02-23-11-56-17.jpg 932w\" sizes=\"(max-width: 300px) 100vw, 300px\" \/><\/p><h1><strong>Dr. Jes\u00fas A. Chavez Peregrino<\/strong><\/h1><\/div>\n\t\t\t\t\t\t\t<\/div>\n\t\t<\/div>\n\t\t\t\t\t\t<\/div>\n\t\t\t\t<\/div>\n\t\t<div class=\"elementor-element elementor-element-920e18f e-con-full e-flex e-con e-child\" data-id=\"920e18f\" data-element_type=\"container\" data-e-type=\"container\">\n\t\t\t\t<\/div>\n\t\t\t\t\t<\/div>\n\t\t\t\t<\/div>\n\t\t<div class=\"elementor-element elementor-element-0421b3b e-flex e-con-boxed e-con e-parent\" data-id=\"0421b3b\" data-element_type=\"container\" data-e-type=\"container\">\n\t\t\t\t\t<div class=\"e-con-inner\">\n\t\t\t\t<div class=\"elementor-element elementor-element-b79dbcf elementor-widget elementor-widget-spacer\" data-id=\"b79dbcf\" data-element_type=\"widget\" data-e-type=\"widget\" data-widget_type=\"spacer.default\">\n\t\t\t\t<div class=\"elementor-widget-container\">\n\t\t\t\t\t\t\t<div class=\"elementor-spacer\">\n\t\t\t<div class=\"elementor-spacer-inner\"><\/div>\n\t\t<\/div>\n\t\t\t\t\t\t<\/div>\n\t\t\t\t<\/div>\n\t\t\t\t\t<\/div>\n\t\t\t\t<\/div>\n\t\t<div class=\"elementor-element elementor-element-5b0b6c9 e-flex e-con-boxed e-con e-parent\" data-id=\"5b0b6c9\" data-element_type=\"container\" data-e-type=\"container\">\n\t\t\t\t\t<div class=\"e-con-inner\">\n\t\t\t\t<div class=\"elementor-element elementor-element-7ab2dfd elementor-widget-divider--view-line elementor-widget elementor-widget-divider\" data-id=\"7ab2dfd\" data-element_type=\"widget\" data-e-type=\"widget\" data-widget_type=\"divider.default\">\n\t\t\t\t<div class=\"elementor-widget-container\">\n\t\t\t\t\t\t\t<div class=\"elementor-divider\">\n\t\t\t<span class=\"elementor-divider-separator\">\n\t\t\t\t\t\t<\/span>\n\t\t<\/div>\n\t\t\t\t\t\t<\/div>\n\t\t\t\t<\/div>\n\t\t\t\t\t<\/div>\n\t\t\t\t<\/div>\n\t\t\t\t<\/div>\n\t\t","protected":false},"excerpt":{"rendered":"<p>Mesa directiva PRESIDENTA VICEPRESIDENTE DIRECTOR ACAD\u00c9MICO SECRETARIA GENERAL DIR.VINCULACI\u00d3N INTERNACIONAL PRESIDENTA Dra. Jetzabel Ortiz Hern\u00e1ndez VICEPRESIDENTE Dr. Alexis G\u00f3mez Reyes. DIRECTOR ACAD\u00c9MICO DR Erick Dr. Humberto de la Cruz Baltazar. SECRETARIA GENERAL Dra. Yunuen S. Valdez DIR.VINCULACI\u00d3N INTERNACIONAL Dr. Jes\u00fas A. Chavez Peregrino<\/p>\n","protected":false},"author":1,"featured_media":0,"parent":0,"menu_order":0,"comment_status":"closed","ping_status":"closed","template":"page-templates\/template-pagebuilder-full-width.php","meta":{"om_disable_all_campaigns":false,"footnotes":""},"class_list":["post-109","page","type-page","status-publish","hentry"],"aioseo_notices":[],"_links":{"self":[{"href":"https:\/\/asociacionmexicanatrasplantecabello.org\/index.php?rest_route=\/wp\/v2\/pages\/109","targetHints":{"allow":["GET"]}}],"collection":[{"href":"https:\/\/asociacionmexicanatrasplantecabello.org\/index.php?rest_route=\/wp\/v2\/pages"}],"about":[{"href":"https:\/\/asociacionmexicanatrasplantecabello.org\/index.php?rest_route=\/wp\/v2\/types\/page"}],"author":[{"embeddable":true,"href":"https:\/\/asociacionmexicanatrasplantecabello.org\/index.php?rest_route=\/wp\/v2\/users\/1"}],"replies":[{"embeddable":true,"href":"https:\/\/asociacionmexicanatrasplantecabello.org\/index.php?rest_route=%2Fwp%2Fv2%2Fcomments&post=109"}],"version-history":[{"count":79,"href":"https:\/\/asociacionmexicanatrasplantecabello.org\/index.php?rest_route=\/wp\/v2\/pages\/109\/revisions"}],"predecessor-version":[{"id":1587,"href":"https:\/\/asociacionmexicanatrasplantecabello.org\/index.php?rest_route=\/wp\/v2\/pages\/109\/revisions\/1587"}],"wp:attachment":[{"href":"https:\/\/asociacionmexicanatrasplantecabello.org\/index.php?rest_route=%2Fwp%2Fv2%2Fmedia&parent=109"}],"curies":[{"name":"wp","href":"https:\/\/api.w.org\/{rel}","templated":true}]}}